{"id":3958,"date":"2023-11-20T10:16:24","date_gmt":"2023-11-20T10:16:24","guid":{"rendered":"https:\/\/ge-fa.com.tr\/?post_type=product&#038;p=3958"},"modified":"2023-11-20T10:16:24","modified_gmt":"2023-11-20T10:16:24","slug":"lastik-profil-gf-lp-04","status":"publish","type":"product","link":"https:\/\/ge-fa.com\/en\/product\/lastik-profil-gf-lp-04\/","title":{"rendered":"LAST\u0130K PROF\u0130L GF-LP-04"},"content":{"rendered":"<p><span style=\"color: #ffffff;\">a<\/span><\/p>","protected":false},"excerpt":{"rendered":"<p><strong>EPDM Fitiller<\/strong>\u00a0ve\u00a0<strong>EPDM Profiller<\/strong>\u00a0g\u00fcne\u015f ve hava oksidasyonuna, deniz suyuna,tuzlu suya,ozon \u00e7atlamalar\u0131na kar\u015f\u0131 mukavemete,a\u015f\u0131r\u0131 r\u00fczgar bas\u0131nc\u0131nda sistemdeki s\u0131zd\u0131rmazl\u0131k gerektiren b\u00f6lgelerde kullan\u0131labilecek en iyi conta malzemeleridir.\u00a0<strong>EPDM Fitiller<\/strong>, 40-95 shore aral\u0131\u011f\u0131nda \u00fcretilip, (-50 ile +130 C) aras\u0131nda kullan\u0131labilmektedir. K\u0131zg\u0131n buhar, kaynar su, alkol, aseton ve klor\u00a0<strong>epdm kau\u00e7uk fitillerin<\/strong>\u00a0zorlu kullan\u0131m alanlar\u0131 aras\u0131ndad\u0131r.<\/p>\n<p>\u00d6l\u00e7\u00fc detaylar\u0131, farkl\u0131 \u00f6l\u00e7\u00fc ve \u00f6zellikler i\u00e7in l\u00fctfen ileti\u015fime ge\u00e7iniz<\/p>","protected":false},"featured_media":1624,"template":"","meta":[],"product_brand":[],"product_cat":[97],"product_tag":[192],"class_list":{"0":"post-3958","1":"product","2":"type-product","3":"status-publish","4":"has-post-thumbnail","6":"product_cat-lastik-profil-fitiller-lastik-profil-fitiller","7":"product_tag-lastikprofil","9":"first","10":"instock","11":"shipping-taxable","12":"product-type-simple"},"_links":{"self":[{"href":"https:\/\/ge-fa.com\/en\/wp-json\/wp\/v2\/product\/3958","targetHints":{"allow":["GET"]}}],"collection":[{"href":"https:\/\/ge-fa.com\/en\/wp-json\/wp\/v2\/product"}],"about":[{"href":"https:\/\/ge-fa.com\/en\/wp-json\/wp\/v2\/types\/product"}],"wp:featuredmedia":[{"embeddable":true,"href":"https:\/\/ge-fa.com\/en\/wp-json\/wp\/v2\/media\/1624"}],"wp:attachment":[{"href":"https:\/\/ge-fa.com\/en\/wp-json\/wp\/v2\/media?parent=3958"}],"wp:term":[{"taxonomy":"product_brand","embeddable":true,"href":"https:\/\/ge-fa.com\/en\/wp-json\/wp\/v2\/product_brand?post=3958"},{"taxonomy":"product_cat","embeddable":true,"href":"https:\/\/ge-fa.com\/en\/wp-json\/wp\/v2\/product_cat?post=3958"},{"taxonomy":"product_tag","embeddable":true,"href":"https:\/\/ge-fa.com\/en\/wp-json\/wp\/v2\/product_tag?post=3958"}],"curies":[{"name":"wp","href":"https:\/\/api.w.org\/{rel}","templated":true}]}}