{"id":3955,"date":"2023-11-20T10:04:03","date_gmt":"2023-11-20T10:04:03","guid":{"rendered":"https:\/\/ge-fa.com.tr\/?post_type=product&#038;p=3955"},"modified":"2023-11-20T10:04:03","modified_gmt":"2023-11-20T10:04:03","slug":"vantuz-lastikleri","status":"publish","type":"product","link":"https:\/\/ge-fa.com\/en\/product\/vantuz-lastikleri\/","title":{"rendered":"SUCTION CUP TIRES"},"content":{"rendered":"<p><span style=\"color: #ffffff;\">a<\/span><\/p>","protected":false},"excerpt":{"rendered":"<p>Vantuz Lastikleri, vakumlama ile \u00fcr\u00fcnlerin ta\u015f\u0131nmas\u0131nda veya tutunmas\u0131nda kullan\u0131l\u0131r. Vantuz lasti\u011finin tasar\u0131m\u0131, hava ka\u00e7\u0131\u015f\u0131n\u0131 engelleyecek \u015fekilde sertli\u011fe, esnekli\u011fe sahip olmas\u0131 \u00f6nemlidir.<\/p>\n<p>Vantuz lastiklerinde \u00f6nemli iki detay vard\u0131r. \u0130lk olarak vantuzlanmas\u0131 gereken \u00fcr\u00fcn\u00fc kavrayabilecek \u00f6zel vantuz a\u011fz\u0131 tasarlanmal\u0131, ikinci olarak bu \u00fcr\u00fcn\u00fc vantuzlanma esnas\u0131nda hava ka\u00e7\u0131\u015f\u0131n\u0131 engellenmesini sa\u011flayacak \u015fekilde lasti\u011fin sertli\u011fi ona g\u00f6re ayarlanmal\u0131d\u0131r.<\/p>","protected":false},"featured_media":1597,"template":"","meta":[],"product_brand":[],"product_cat":[37],"product_tag":[190],"class_list":{"0":"post-3955","1":"product","2":"type-product","3":"status-publish","4":"has-post-thumbnail","6":"product_cat-vantuz-lastikleri","7":"product_tag-vantuzlastikler","9":"first","10":"instock","11":"shipping-taxable","12":"product-type-simple"},"_links":{"self":[{"href":"https:\/\/ge-fa.com\/en\/wp-json\/wp\/v2\/product\/3955","targetHints":{"allow":["GET"]}}],"collection":[{"href":"https:\/\/ge-fa.com\/en\/wp-json\/wp\/v2\/product"}],"about":[{"href":"https:\/\/ge-fa.com\/en\/wp-json\/wp\/v2\/types\/product"}],"wp:featuredmedia":[{"embeddable":true,"href":"https:\/\/ge-fa.com\/en\/wp-json\/wp\/v2\/media\/1597"}],"wp:attachment":[{"href":"https:\/\/ge-fa.com\/en\/wp-json\/wp\/v2\/media?parent=3955"}],"wp:term":[{"taxonomy":"product_brand","embeddable":true,"href":"https:\/\/ge-fa.com\/en\/wp-json\/wp\/v2\/product_brand?post=3955"},{"taxonomy":"product_cat","embeddable":true,"href":"https:\/\/ge-fa.com\/en\/wp-json\/wp\/v2\/product_cat?post=3955"},{"taxonomy":"product_tag","embeddable":true,"href":"https:\/\/ge-fa.com\/en\/wp-json\/wp\/v2\/product_tag?post=3955"}],"curies":[{"name":"wp","href":"https:\/\/api.w.org\/{rel}","templated":true}]}}