{"id":3954,"date":"2023-11-20T10:02:30","date_gmt":"2023-11-20T10:02:30","guid":{"rendered":"https:\/\/ge-fa.com.tr\/?post_type=product&#038;p=3954"},"modified":"2023-11-20T10:02:30","modified_gmt":"2023-11-20T10:02:30","slug":"o-ringler","status":"publish","type":"product","link":"https:\/\/ge-fa.com\/en\/product\/o-ringler\/","title":{"rendered":"O-RINGS"},"content":{"rendered":"<p><span style=\"color: #ffffff;\">a<\/span><\/p>","protected":false},"excerpt":{"rendered":"<p>O-ring, mekanik bir s\u0131zd\u0131rmazl\u0131k eleman\u0131 olarak kullan\u0131lan yuvarlak (O \u015feklinde) kesit elastomer bir d\u00f6ng\u00fcd\u00fcr.. Bunlar aray\u00fcz\u00fcne bir conta olu\u015fturmak, bir yiv i\u00e7ine oturan ve iki ya da daha fazla k\u0131s\u0131mlar\u0131 aras\u0131ndaki birle\u015ftirme esnas\u0131nda s\u0131k\u0131\u015ft\u0131r\u0131lmas\u0131 i\u00e7in tasarlanm\u0131\u015ft\u0131r. San\u0131lan\u0131n aksine kesitinin\u00a0 &#8220;o&#8221; \u015feklinde oldu\u011fu i\u00e7in bu ad\u0131 alan s\u0131zd\u0131rmazl\u0131k eleman\u0131d\u0131r.<\/p>","protected":false},"featured_media":1592,"template":"","meta":[],"product_brand":[],"product_cat":[36],"product_tag":[189],"class_list":{"0":"post-3954","1":"product","2":"type-product","3":"status-publish","4":"has-post-thumbnail","6":"product_cat-o-ringler","7":"product_tag-o-ringler","9":"first","10":"instock","11":"shipping-taxable","12":"product-type-simple"},"_links":{"self":[{"href":"https:\/\/ge-fa.com\/en\/wp-json\/wp\/v2\/product\/3954","targetHints":{"allow":["GET"]}}],"collection":[{"href":"https:\/\/ge-fa.com\/en\/wp-json\/wp\/v2\/product"}],"about":[{"href":"https:\/\/ge-fa.com\/en\/wp-json\/wp\/v2\/types\/product"}],"wp:featuredmedia":[{"embeddable":true,"href":"https:\/\/ge-fa.com\/en\/wp-json\/wp\/v2\/media\/1592"}],"wp:attachment":[{"href":"https:\/\/ge-fa.com\/en\/wp-json\/wp\/v2\/media?parent=3954"}],"wp:term":[{"taxonomy":"product_brand","embeddable":true,"href":"https:\/\/ge-fa.com\/en\/wp-json\/wp\/v2\/product_brand?post=3954"},{"taxonomy":"product_cat","embeddable":true,"href":"https:\/\/ge-fa.com\/en\/wp-json\/wp\/v2\/product_cat?post=3954"},{"taxonomy":"product_tag","embeddable":true,"href":"https:\/\/ge-fa.com\/en\/wp-json\/wp\/v2\/product_tag?post=3954"}],"curies":[{"name":"wp","href":"https:\/\/api.w.org\/{rel}","templated":true}]}}