{"id":3933,"date":"2023-11-20T08:20:50","date_gmt":"2023-11-20T08:20:50","guid":{"rendered":"https:\/\/ge-fa.com.tr\/?post_type=product&#038;p=3933"},"modified":"2023-11-20T09:39:42","modified_gmt":"2023-11-20T09:39:42","slug":"patlac-valf-diyafram-lastikleri","status":"publish","type":"product","link":"https:\/\/ge-fa.com\/en\/product\/patlac-valf-diyafram-lastikleri\/","title":{"rendered":"PATLA\u00c7 VALF D\u0130YAFRAM LAST\u0130KLER\u0130"},"content":{"rendered":"<p><span style=\"color: #ffffff;\">a<\/span><\/p>","protected":false},"excerpt":{"rendered":"<p>Metal Aksaml\u0131 Diyaframlar Lastikleri<\/p>\n<p>Diyafram lastikleri y\u00fcksek bas\u0131n\u00e7 alt\u0131nda \u00e7al\u0131\u015ft\u0131\u011f\u0131ndan,kord bezi takviyesi ile g\u00fc\u00e7lendirilmi\u015ftir.\u00a0Paslanmaz metal takviyeli \u00a0kau\u00e7uk diyafram \u00a0lastiklerinin i\u00e7erisindeki kord bezi uygulamas\u0131 malzemenin \u00e7al\u0131\u015fma ortam\u0131na g\u00f6re se\u00e7ilmelidir.\u00a0Ya\u011f ,gres,gaz,akaryak\u0131t,s\u0131cak su gibi ortam \u015fartlar\u0131na dayan\u0131kl\u0131 diyafram lastikleri \u00f6zel kal\u0131plama yap\u0131larak \u00fcretilebilir.\u00a0\u00d6zel olarak \u015fofben,kombi,pompa,kompres\u00f6r diyafram lastikleri imalat\u0131 yap\u0131l\u0131r.<\/p>\n<p><em>Diledi\u011finiz \u00f6l\u00e7\u00fc ve \u00f6zelliklerde diyafram lasti\u011fi \u00fcretimi i\u00e7in ileti\u015fime ge\u00e7ebilirsiniz.<\/em><\/p>","protected":false},"featured_media":1738,"template":"","meta":[],"product_brand":[],"product_cat":[31],"product_tag":[172,178,177],"class_list":{"0":"post-3933","1":"product","2":"type-product","3":"status-publish","4":"has-post-thumbnail","6":"product_cat-diyafram-lastikleri","7":"product_tag-diyaframlastikleri","8":"product_tag-metalaksamlidiyaframlastikleri","9":"product_tag-patlacvalfdiyaframlastikler","11":"first","12":"instock","13":"shipping-taxable","14":"product-type-simple"},"_links":{"self":[{"href":"https:\/\/ge-fa.com\/en\/wp-json\/wp\/v2\/product\/3933","targetHints":{"allow":["GET"]}}],"collection":[{"href":"https:\/\/ge-fa.com\/en\/wp-json\/wp\/v2\/product"}],"about":[{"href":"https:\/\/ge-fa.com\/en\/wp-json\/wp\/v2\/types\/product"}],"wp:featuredmedia":[{"embeddable":true,"href":"https:\/\/ge-fa.com\/en\/wp-json\/wp\/v2\/media\/1738"}],"wp:attachment":[{"href":"https:\/\/ge-fa.com\/en\/wp-json\/wp\/v2\/media?parent=3933"}],"wp:term":[{"taxonomy":"product_brand","embeddable":true,"href":"https:\/\/ge-fa.com\/en\/wp-json\/wp\/v2\/product_brand?post=3933"},{"taxonomy":"product_cat","embeddable":true,"href":"https:\/\/ge-fa.com\/en\/wp-json\/wp\/v2\/product_cat?post=3933"},{"taxonomy":"product_tag","embeddable":true,"href":"https:\/\/ge-fa.com\/en\/wp-json\/wp\/v2\/product_tag?post=3933"}],"curies":[{"name":"wp","href":"https:\/\/api.w.org\/{rel}","templated":true}]}}