{"id":3932,"date":"2023-11-20T08:17:55","date_gmt":"2023-11-20T08:17:55","guid":{"rendered":"https:\/\/ge-fa.com.tr\/?post_type=product&#038;p=3932"},"modified":"2023-11-20T09:39:42","modified_gmt":"2023-11-20T09:39:42","slug":"teflon-takviyeli-diyafram-lastikleri","status":"publish","type":"product","link":"https:\/\/ge-fa.com\/en\/product\/teflon-takviyeli-diyafram-lastikleri\/","title":{"rendered":"TEFLON TAKV\u0130YEL\u0130 D\u0130YAFRAM LAST\u0130KLER\u0130"},"content":{"rendered":"<p><span style=\"color: #ffffff;\">a<\/span><\/p>","protected":false},"excerpt":{"rendered":"<p>Teflon takviyeli kau\u00e7uk diyafram lastikleri , genellikle diyafram lasti\u011finin kimyasal madde ile bir araya geldi\u011fi ortamlarda kullan\u0131l\u0131r.Teflon yap\u0131s\u0131 gere\u011fi baz\u0131 asitlere,deterjan ve baz\u0131 kimyasallara kar\u015f\u0131 olduk\u00e7a diren\u00e7lidir.Bu nedenle kau\u00e7uk diyaframlar\u0131n bir y\u00fcz\u00fc teflon kapl\u0131 olarak imal edilebilir. Teflon malzemenin kimyasal\u00a0 ve s\u0131cakl\u0131k dayan\u0131m\u0131 , y\u00fczeyine hi\u00e7bir \u015feyin yap\u0131\u015fmamas\u0131 ,kau\u00e7uk malzemenin elastik \u00f6zelli\u011fi ile birle\u015fince\u00a0 ideal diyafram malzemesi elde edilmi\u015f olur.<\/p>\n<p><em>Diledi\u011finiz \u00f6l\u00e7\u00fc ve \u00f6zelliklerde diyafram lasti\u011fi \u00fcretimi i\u00e7in ileti\u015fime ge\u00e7ebilirsiniz.<\/em><\/p>","protected":false},"featured_media":1792,"template":"","meta":[],"product_brand":[],"product_cat":[31],"product_tag":[172,176],"class_list":{"0":"post-3932","1":"product","2":"type-product","3":"status-publish","4":"has-post-thumbnail","6":"product_cat-diyafram-lastikleri","7":"product_tag-diyaframlastikleri","8":"product_tag-teflontakviyelidiyaframlastikleri","10":"first","11":"instock","12":"shipping-taxable","13":"product-type-simple"},"_links":{"self":[{"href":"https:\/\/ge-fa.com\/en\/wp-json\/wp\/v2\/product\/3932","targetHints":{"allow":["GET"]}}],"collection":[{"href":"https:\/\/ge-fa.com\/en\/wp-json\/wp\/v2\/product"}],"about":[{"href":"https:\/\/ge-fa.com\/en\/wp-json\/wp\/v2\/types\/product"}],"wp:featuredmedia":[{"embeddable":true,"href":"https:\/\/ge-fa.com\/en\/wp-json\/wp\/v2\/media\/1792"}],"wp:attachment":[{"href":"https:\/\/ge-fa.com\/en\/wp-json\/wp\/v2\/media?parent=3932"}],"wp:term":[{"taxonomy":"product_brand","embeddable":true,"href":"https:\/\/ge-fa.com\/en\/wp-json\/wp\/v2\/product_brand?post=3932"},{"taxonomy":"product_cat","embeddable":true,"href":"https:\/\/ge-fa.com\/en\/wp-json\/wp\/v2\/product_cat?post=3932"},{"taxonomy":"product_tag","embeddable":true,"href":"https:\/\/ge-fa.com\/en\/wp-json\/wp\/v2\/product_tag?post=3932"}],"curies":[{"name":"wp","href":"https:\/\/api.w.org\/{rel}","templated":true}]}}