{"id":3930,"date":"2023-11-20T08:16:02","date_gmt":"2023-11-20T08:16:02","guid":{"rendered":"https:\/\/ge-fa.com.tr\/?post_type=product&#038;p=3930"},"modified":"2023-11-20T09:39:42","modified_gmt":"2023-11-20T09:39:42","slug":"diyafram-lastik-plakalari","status":"publish","type":"product","link":"https:\/\/ge-fa.com\/en\/product\/diyafram-lastik-plakalari\/","title":{"rendered":"D\u0130YAFRAM LAST\u0130K PLAKALARI"},"content":{"rendered":"<p><span style=\"color: #ffffff;\">a<\/span><\/p>","protected":false},"excerpt":{"rendered":"<p>Kuma\u015f Takviyeli Diyafram Lastikleri SBR, NBR, CR, EPDM gibi \u00e7ok de\u011fi\u015fik kau\u00e7uktan imal edilmektedir.<\/p>\n<p>Takviye malzemesi olarak koton, naylon, terilen gibi malzemeler kullan\u0131lmaktad\u0131r. Kullan\u0131m amac\u0131na ve malzeme kal\u0131nl\u0131\u011f\u0131na g\u00f6re birden \u00e7ok kat kullan\u0131lmaktad\u0131r. Genelde 0.50; 1; 1.5 mm kal\u0131nl\u0131klarda tek kat, 2; 2.5; 3 mm kal\u0131nl\u0131klarda ise iki kat kullan\u0131lmaktad\u0131r. Y\u00fczeyleri \u00e7ok d\u00fczg\u00fcn veya kuma\u015f g\u00f6r\u00fcn\u00fcml\u00fc olabilmektedir. Sa\u011flam, kullan\u0131m\u0131 ve temizlenmesi kolayd\u0131r. \u0130yi derece y\u0131rt\u0131lma ve ya\u011f direncine sahiptir. Diyafram lasti\u011finde, lastik \u00f6zelikleri korunurken, takviye malzemesi ile delinmeye, y\u0131rt\u0131lmaya kar\u015f\u0131 direnci art\u0131r\u0131l\u0131r. \u0130ste\u011fe g\u00f6re her 1.6 mm kau\u00e7uk kal\u0131nl\u0131\u011f\u0131 i\u00e7in bir kat takviye kuma\u015f malzeme ilave edilebilir.<\/p>\n<p>Uygulama Alanlar\u0131 :<\/p>\n<ul>\n<li>Otomotiv<\/li>\n<li>Kimya ve nakliye sekt\u00f6r\u00fc<\/li>\n<li>A\u011f\u0131r i\u015f makineleri<\/li>\n<li>Petrol ve gaz arama<\/li>\n<li>Sondalama faaliyetlerinde<\/li>\n<li>Petrol rafineri tesislerinde<\/li>\n<li>Nakliye i\u015flerinde<\/li>\n<\/ul>\n<p>Kuma\u015f takviyeli diyafram lastikleri, yukar\u0131da belirtilen tesislerde taban d\u00f6\u015femesi, conta, \u00e7ok katl\u0131 conta, ke\u00e7e yap\u0131m\u0131, kaplama, titre\u015fim alma takozlar\u0131, genle\u015fme kompansat\u00f6rleri gibi ara\u00e7 gere\u00e7 ve par\u00e7alar\u0131n ana veya yard\u0131mc\u0131 malzemesi olarak kullan\u0131l\u0131r.Korozyon direnci, darbe direnci, a\u015f\u0131nma direnci, hassas tezgah ve te\u00e7hizat\u0131n darbelerden korunmas\u0131n\u0131n istendi\u011fi enerji santralleri, s\u00fclf\u00fcr ar\u0131nd\u0131rma tesisleri ve su ar\u0131tma tesislerinde, \u00f6zellikle korozyona dayan\u0131kl\u0131 diyafram lastikleri \u00e7ok kullan\u0131lmaktad\u0131r.<\/p>","protected":false},"featured_media":1785,"template":"","meta":[],"product_brand":[],"product_cat":[31],"product_tag":[175,174],"class_list":{"0":"post-3930","1":"product","2":"type-product","3":"status-publish","4":"has-post-thumbnail","6":"product_cat-diyafram-lastikleri","7":"product_tag-diyaframlastikplakalar","8":"product_tag-lastikplakalr","10":"first","11":"instock","12":"shipping-taxable","13":"product-type-simple"},"_links":{"self":[{"href":"https:\/\/ge-fa.com\/en\/wp-json\/wp\/v2\/product\/3930","targetHints":{"allow":["GET"]}}],"collection":[{"href":"https:\/\/ge-fa.com\/en\/wp-json\/wp\/v2\/product"}],"about":[{"href":"https:\/\/ge-fa.com\/en\/wp-json\/wp\/v2\/types\/product"}],"wp:featuredmedia":[{"embeddable":true,"href":"https:\/\/ge-fa.com\/en\/wp-json\/wp\/v2\/media\/1785"}],"wp:attachment":[{"href":"https:\/\/ge-fa.com\/en\/wp-json\/wp\/v2\/media?parent=3930"}],"wp:term":[{"taxonomy":"product_brand","embeddable":true,"href":"https:\/\/ge-fa.com\/en\/wp-json\/wp\/v2\/product_brand?post=3930"},{"taxonomy":"product_cat","embeddable":true,"href":"https:\/\/ge-fa.com\/en\/wp-json\/wp\/v2\/product_cat?post=3930"},{"taxonomy":"product_tag","embeddable":true,"href":"https:\/\/ge-fa.com\/en\/wp-json\/wp\/v2\/product_tag?post=3930"}],"curies":[{"name":"wp","href":"https:\/\/api.w.org\/{rel}","templated":true}]}}