{"id":3928,"date":"2023-11-20T08:13:26","date_gmt":"2023-11-20T08:13:26","guid":{"rendered":"https:\/\/ge-fa.com.tr\/?post_type=product&#038;p=3928"},"modified":"2023-12-03T15:54:13","modified_gmt":"2023-12-03T15:54:13","slug":"bombeli-diyafram-lastikleri","status":"publish","type":"product","link":"https:\/\/ge-fa.com\/en\/product\/bombeli-diyafram-lastikleri\/","title":{"rendered":"BOMBEL\u0130 D\u0130YAFRAM LAST\u0130KLER\u0130"},"content":{"rendered":"<p><span style=\"color: #ffffff;\">a<\/span><\/p>","protected":false},"excerpt":{"rendered":"<p>Bombeli diyafram lastikleri, kullan\u0131m alanlar\u0131na g\u00f6re neopren, nitril, silikon, viton hammaddeden imal edilebilir. \u0130\u00e7erisine takviye edilen kort bezi sayesinde 5-6 bara kadar patlamadan \u00e7al\u0131\u015fabilir.<\/p>\n<p>Kimyasal, deterjan, y\u00fcksek hararete kar\u015f\u0131 mukavemetli viton diyafram lastikleri, g\u0131daya uygun, kokusuz, \u0131s\u0131ya dayan\u0131kl\u0131, silikon diyaframlar, vana diyaframlar\u0131, kompres\u00f6r diyaframlar\u0131, dedant\u00f6r ve karbirat\u00f6r diyafram lastikleri, benzin ya\u011f ve gaza dayan\u0131kl\u0131 nbr diyafram lastikleri gefa \u00fcretimlerimiz dahilindedir.<\/p>\n<p><em>Diledi\u011finiz \u00f6l\u00e7\u00fc ve \u00f6zelliklerde diyafram lasti\u011fi \u00fcretimi i\u00e7in ileti\u015fime ge\u00e7ebilirsiniz<\/em>.<\/p>","protected":false},"featured_media":1761,"template":"","meta":[],"product_brand":[],"product_cat":[31],"product_tag":[173,172],"class_list":{"0":"post-3928","1":"product","2":"type-product","3":"status-publish","4":"has-post-thumbnail","6":"product_cat-diyafram-lastikleri","7":"product_tag-bombelidiyaframlastikleri","8":"product_tag-diyaframlastikleri","10":"first","11":"instock","12":"shipping-taxable","13":"product-type-simple"},"_links":{"self":[{"href":"https:\/\/ge-fa.com\/en\/wp-json\/wp\/v2\/product\/3928","targetHints":{"allow":["GET"]}}],"collection":[{"href":"https:\/\/ge-fa.com\/en\/wp-json\/wp\/v2\/product"}],"about":[{"href":"https:\/\/ge-fa.com\/en\/wp-json\/wp\/v2\/types\/product"}],"wp:featuredmedia":[{"embeddable":true,"href":"https:\/\/ge-fa.com\/en\/wp-json\/wp\/v2\/media\/1761"}],"wp:attachment":[{"href":"https:\/\/ge-fa.com\/en\/wp-json\/wp\/v2\/media?parent=3928"}],"wp:term":[{"taxonomy":"product_brand","embeddable":true,"href":"https:\/\/ge-fa.com\/en\/wp-json\/wp\/v2\/product_brand?post=3928"},{"taxonomy":"product_cat","embeddable":true,"href":"https:\/\/ge-fa.com\/en\/wp-json\/wp\/v2\/product_cat?post=3928"},{"taxonomy":"product_tag","embeddable":true,"href":"https:\/\/ge-fa.com\/en\/wp-json\/wp\/v2\/product_tag?post=3928"}],"curies":[{"name":"wp","href":"https:\/\/api.w.org\/{rel}","templated":true}]}}