{"id":3865,"date":"2023-11-17T09:40:12","date_gmt":"2023-11-17T09:40:12","guid":{"rendered":"https:\/\/ge-fa.com.tr\/?post_type=product&#038;p=3865"},"modified":"2023-11-17T09:42:20","modified_gmt":"2023-11-17T09:42:20","slug":"fici-rupex-kaplin-lastikleri","status":"publish","type":"product","link":"https:\/\/ge-fa.com\/en\/product\/fici-rupex-kaplin-lastikleri\/","title":{"rendered":"FI\u00c7I (Rupex) KAPL\u0130N LAST\u0130KLER\u0130"},"content":{"rendered":"<h3 class=\"font-weight-normal\"> <strong class=\"font-weight-extra-bold\"><\/p>\n<p>TEKN\u0130K B\u0130LG\u0130LER<\/p>\n<p><\/strong><\/h3>\n<p class=\"card-text\">\n<table class=\"table table-hover table table-striped\"\n cellpadding=\"1\" cellspacing=\"1\" style=\"width:100%\"><\/p>\n<thead>\n<tr>\n<th scope=\"col\" style=\"height:20px; width:112px\">Kod No<\/th>\n<th scope=\"col\" style=\"width:141px\">DI\u015e &Ccedil;AP &Oslash; D<\/th>\n<th scope=\"col\" style=\"width:141px\">\u0130&Ccedil; &Ccedil;AP &Oslash; d<\/th>\n<th scope=\"col\" style=\"width:141px\">BOY L<\/th>\n<\/tr>\n<\/thead>\n<tbody>\n<tr>\n<td style=\"height:20px\">F\u0131&ccedil;\u0131 Tipi &#8211; GF01<\/td>\n<td>20<\/td>\n<td>8<\/td>\n<td>23<\/td>\n<\/tr>\n<tr>\n<td style=\"height:20px\">F\u0131&ccedil;\u0131 Tipi &#8211; GF02<\/td>\n<td>20<\/td>\n<td>10<\/td>\n<td>18<\/td>\n<\/tr>\n<tr>\n<td style=\"height:20px\">F\u0131&ccedil;\u0131 Tipi &#8211; GF03<\/td>\n<td>24<\/td>\n<td>10<\/td>\n<td>26<\/td>\n<\/tr>\n<tr>\n<td style=\"height:20px\">F\u0131&ccedil;\u0131 Tipi &#8211; GF04<\/td>\n<td>25<\/td>\n<td>12<\/td>\n<td>28<\/td>\n<\/tr>\n<tr>\n<td style=\"height:20px\">F\u0131&ccedil;\u0131 Tipi &#8211; GF05<\/td>\n<td>30<\/td>\n<td>12<\/td>\n<td>34<\/td>\n<\/tr>\n<tr>\n<td style=\"height:20px\">F\u0131&ccedil;\u0131 Tipi &#8211; GF06<\/td>\n<td>34<\/td>\n<td>15<\/td>\n<td>36<\/td>\n<\/tr>\n<tr>\n<td style=\"height:20px\">F\u0131&ccedil;\u0131 Tipi &#8211; GF07<\/td>\n<td>36<\/td>\n<td>20<\/td>\n<td>42<\/td>\n<\/tr>\n<tr>\n<td style=\"height:20px\">F\u0131&ccedil;\u0131 Tipi &#8211; GF08<\/td>\n<td>36<\/td>\n<td>18<\/td>\n<td>34<\/td>\n<\/tr>\n<tr>\n<td style=\"height:20px\">F\u0131&ccedil;\u0131 Tipi &#8211; GF09<\/td>\n<td>38<\/td>\n<td>16<\/td>\n<td>42<\/td>\n<\/tr>\n<tr>\n<td style=\"height:20px\">F\u0131&ccedil;\u0131 Tipi &#8211; GF10<\/td>\n<td>40<\/td>\n<td>16<\/td>\n<td>50<\/td>\n<\/tr>\n<tr>\n<td style=\"height:20px\">F\u0131&ccedil;\u0131 Tipi &#8211; GF11<\/td>\n<td>40<\/td>\n<td>15<\/td>\n<td>45<\/td>\n<\/tr>\n<tr>\n<td style=\"height:20px\">F\u0131&ccedil;\u0131 Tipi &#8211; GF12<\/td>\n<td>40<\/td>\n<td>21<\/td>\n<td>34<\/td>\n<\/tr>\n<tr>\n<td style=\"height:20px\">F\u0131&ccedil;\u0131 Tipi &#8211; GF13<\/td>\n<td>44<\/td>\n<td>22<\/td>\n<td>46<\/td>\n<\/tr>\n<tr>\n<td style=\"height:20px\">F\u0131&ccedil;\u0131 Tipi &#8211; GF14<\/td>\n<td>47<\/td>\n<td>21<\/td>\n<td>41<\/td>\n<\/tr>\n<tr>\n<td style=\"height:20px\">F\u0131&ccedil;\u0131 Tipi &#8211; GF15<\/td>\n<td>50<\/td>\n<td>28<\/td>\n<td>56<\/td>\n<\/tr>\n<tr>\n<td style=\"height:20px\">F\u0131&ccedil;\u0131 Tipi &#8211; GF16<\/td>\n<td>50<\/td>\n<td>20<\/td>\n<td>52<\/td>\n<\/tr>\n<tr>\n<td style=\"height:20px\">F\u0131&ccedil;\u0131 Tipi &#8211; GF17<\/td>\n<td>50<\/td>\n<td>24<\/td>\n<td>58<\/td>\n<\/tr>\n<tr>\n<td style=\"height:20px\">F\u0131&ccedil;\u0131 Tipi &#8211; GF18<\/td>\n<td>52<\/td>\n<td>28<\/td>\n<td>54<\/td>\n<\/tr>\n<tr>\n<td style=\"height:20px\">F\u0131&ccedil;\u0131 Tipi &#8211; GF19<\/td>\n<td>55<\/td>\n<td>30<\/td>\n<td>50<\/td>\n<\/tr>\n<tr>\n<td style=\"height:20px\">F\u0131&ccedil;\u0131 Tipi &#8211; GF20<\/td>\n<td>57<\/td>\n<td>32<\/td>\n<td>40<\/td>\n<\/tr>\n<tr>\n<td style=\"height:20px\">F\u0131&ccedil;\u0131 Tipi &#8211; GF21<\/td>\n<td>59<\/td>\n<td>25<\/td>\n<td>64<\/td>\n<\/tr>\n<tr>\n<td style=\"height:20px\">F\u0131&ccedil;\u0131 Tipi &#8211; GF22<\/td>\n<td>60<\/td>\n<td>30<\/td>\n<td>58<\/td>\n<\/tr>\n<tr>\n<td style=\"height:20px\">F\u0131&ccedil;\u0131 Tipi &#8211; GF23<\/td>\n<td>60<\/td>\n<td>24<\/td>\n<td>65<\/td>\n<\/tr>\n<tr>\n<td style=\"height:20px\">F\u0131&ccedil;\u0131 Tipi &#8211; GF24<\/td>\n<td>60<\/td>\n<td>30<\/td>\n<td>40<\/td>\n<\/tr>\n<tr>\n<td style=\"height:20px\">F\u0131&ccedil;\u0131 Tipi &#8211; GF25<\/td>\n<td>60<\/td>\n<td>30<\/td>\n<td>50<\/td>\n<\/tr>\n<tr>\n<td style=\"height:20px\">F\u0131&ccedil;\u0131 Tipi &#8211; GF26<\/td>\n<td>71<\/td>\n<td>40<\/td>\n<td>56<\/td>\n<\/tr>\n<tr>\n<td style=\"height:20px\">F\u0131&ccedil;\u0131 Tipi &#8211; GF27<\/td>\n<td>75<\/td>\n<td>38<\/td>\n<td>68<\/td>\n<\/tr>\n<tr>\n<td style=\"height:20px\">F\u0131&ccedil;\u0131 Tipi &#8211; GF28<\/td>\n<td>80<\/td>\n<td>32<\/td>\n<td>82<\/td>\n<\/tr>\n<tr>\n<td style=\"height:20px\">F\u0131&ccedil;\u0131 Tipi &#8211; GF29<\/td>\n<td>96<\/td>\n<td>48<\/td>\n<td>58<\/td>\n<\/tr>\n<tr>\n<td style=\"height:20px\">F\u0131&ccedil;\u0131 Tipi &#8211; GF30<\/td>\n<td>100<\/td>\n<td>54<\/td>\n<td>75<\/td>\n<\/tr>\n<\/tbody>\n<\/table>","protected":false},"excerpt":{"rendered":"<p>Kaplin bir hareketi di\u011fer bir ekipmana iletmek i\u00e7in kullan\u0131lan makina par\u00e7as\u0131d\u0131r. Bu hareketi iletme esnas\u0131nda mekanik titresimlere ortadan kald\u0131rmak i\u00e7in kaplin lasti\u011fi denilen titresim s\u00f6n\u00fcmleyici elastik malzemeler kullan\u0131lmak zorundad\u0131r. Kullan\u0131lmad\u0131\u011f\u0131 taktirde ortaya \u00e7\u0131kan titre\u015fim makineye zarar verebilece\u011fi gibi olu\u015fan g\u00fcr\u00fclt\u00fc rahats\u0131z edici olabilir.<\/p>\n<p>Kaplin bir end\u00fcstriyel zincirde en basit par\u00e7a olarak g\u00f6r\u00fclebilir fakat do\u011fru ve kaliteli kaplin elemanlar\u0131 se\u00e7ilmedi\u011finde t\u00fcm mekanizman\u0131n aksamas\u0131n\u0131 ve s\u0131k s\u0131k \u00fcretimde aksakl\u0131klar olu\u015fur. Bu sebeple kaplinin i\u00e7erisinde kullan\u0131lan kaplin takozlar\u0131 s\u00fcrt\u00fcnmeye ve dinamik \u00e7al\u0131\u015fmaya uygun olarak se\u00e7ilmelidir. Kaplin lastikleri poli\u00fcretan, tabii kau\u00e7uk ve ya\u011fa dayan\u0131kl\u0131 nitril kau\u00e7uk hammaddeden mam\u00fcld\u00fcr.<\/p>\n<p><em><strong>\u00d6l\u00e7\u00fc detaylar\u0131, farkl\u0131 \u00f6l\u00e7\u00fc ve \u00f6zellikler i\u00e7in l\u00fctfen ileti\u015fime ge\u00e7iniz.<\/strong><\/em><\/p>","protected":false},"featured_media":1754,"template":"","meta":[],"product_brand":[],"product_cat":[29],"product_tag":[147,143,148],"class_list":{"0":"post-3865","1":"product","2":"type-product","3":"status-publish","4":"has-post-thumbnail","6":"product_cat-kaplin-lastikleri","7":"product_tag-ficikaplinlastikleri","8":"product_tag-kaplinlastikleri","9":"product_tag-rupexkaplinlastikleri","11":"first","12":"instock","13":"shipping-taxable","14":"product-type-simple"},"_links":{"self":[{"href":"https:\/\/ge-fa.com\/en\/wp-json\/wp\/v2\/product\/3865","targetHints":{"allow":["GET"]}}],"collection":[{"href":"https:\/\/ge-fa.com\/en\/wp-json\/wp\/v2\/product"}],"about":[{"href":"https:\/\/ge-fa.com\/en\/wp-json\/wp\/v2\/types\/product"}],"wp:featuredmedia":[{"embeddable":true,"href":"https:\/\/ge-fa.com\/en\/wp-json\/wp\/v2\/media\/1754"}],"wp:attachment":[{"href":"https:\/\/ge-fa.com\/en\/wp-json\/wp\/v2\/media?parent=3865"}],"wp:term":[{"taxonomy":"product_brand","embeddable":true,"href":"https:\/\/ge-fa.com\/en\/wp-json\/wp\/v2\/product_brand?post=3865"},{"taxonomy":"product_cat","embeddable":true,"href":"https:\/\/ge-fa.com\/en\/wp-json\/wp\/v2\/product_cat?post=3865"},{"taxonomy":"product_tag","embeddable":true,"href":"https:\/\/ge-fa.com\/en\/wp-json\/wp\/v2\/product_tag?post=3865"}],"curies":[{"name":"wp","href":"https:\/\/api.w.org\/{rel}","templated":true}]}}