{"id":2661,"date":"2023-10-23T10:21:02","date_gmt":"2023-10-23T10:21:02","guid":{"rendered":"https:\/\/ge-fa.com.tr\/?post_type=product&#038;p=2661"},"modified":"2023-10-23T10:21:03","modified_gmt":"2023-10-23T10:21:03","slug":"mekanik-salmastra-gf-759","status":"publish","type":"product","link":"https:\/\/ge-fa.com\/en\/product\/mekanik-salmastra-gf-759\/","title":{"rendered":"Mekanik Salmastra GF-759"},"content":{"rendered":"<p><span style=\"color: #ffffff;\">a<\/span><\/p>","protected":false},"excerpt":{"rendered":"<p><strong>Mekanik Salmastralar<\/strong>, dinamik ekipmanlarda ak\u0131\u015fkan s\u0131z\u0131nt\u0131lar\u0131n\u0131n giderilmesi i\u00e7in kullan\u0131lan s\u0131zd\u0131rmazl\u0131k elemanlar\u0131d\u0131r.<br \/>\n<strong>Mekanik Salmastra<\/strong>\u00a0ayn\u0131 zamanda istenmeyen ak\u0131\u015fkan ve partik\u00fcllerin ortama girmelerini \u00f6nler. Ba\u015fka bir tarifle, e\u011fer bir makine par\u00e7as\u0131n\u0131n i\u00e7inden kuvvet ge\u00e7mesi isteniyor, fakat ak\u0131\u015fkan ge\u00e7mesi istenilmiyorsa araya Mekanik Salmastra kullan\u0131lmas\u0131 gerekmektedir.<\/p>\n<p><strong>Mekanik Salmastra<\/strong>; makine veya pompa g\u00f6vdelerine montajlanm\u0131\u015f sabit eleman kar\u015f\u0131s\u0131nda d\u00f6nen mile ba\u011fl\u0131 olarak bask\u0131 alt\u0131nda kalm\u0131\u015f bir bask\u0131 eleman\u0131, y\u00fczeysel ka\u00e7aklar\u0131 engellemek i\u00e7in elostomerler ve yard\u0131mc\u0131 destek elemanlar\u0131ndan olu\u015fur. Mekanik Salmastralar y\u00fczeylerinde olu\u015fan bas\u0131n\u00e7lara g\u00f6re balansl\u0131 ve balanss\u0131z olarak ikiye ayr\u0131l\u0131rlar.<\/p>\n<p>Mekanik Salmastra; pompan\u0131n s\u0131v\u0131y\u0131 atmosferden ay\u0131ran bir par\u00e7as\u0131d\u0131r. Mekanik salmastralar\u0131n \u00e7o\u011fu,\u00a0<em>\u00a0EN 12756\u00a0<\/em>Say\u0131l\u0131 Avrupa standard\u0131na g\u00f6re \u00fcretilmektedir.<\/p>\n<p><strong>Mekanik Salmastra \u00c7e\u015fitleri;<\/strong><\/p>\n<ul>\n<li>O-Ringli Mekanik Salmastra,<\/li>\n<li>K\u00f6r\u00fckl\u00fc Mekanik Salmastra,<\/li>\n<li>Kartu\u015flu Mekanik Salmastra.<\/li>\n<\/ul>\n<p><strong>Mekanik Salmastra\u00a0<\/strong>Se\u00e7iminde dikkat edilmesi;<\/p>\n<ul>\n<li>S\u0131v\u0131 Tipi Tespiti<\/li>\n<li>Salmastran\u0131n maruz kalaca\u011f\u0131 bas\u0131n\u00e7 tespiti<\/li>\n<li>Salmastran\u0131n maruz kalaca\u011f\u0131 s\u0131cak tespiti<\/li>\n<li>Salmastran\u0131n maruz kalaca\u011f\u0131 h\u0131z\u0131n tespiti<\/li>\n<li>Yap\u0131sal boyutlar\u0131n\u0131n tespiti<\/li>\n<\/ul>\n<p>gereklidir.<\/p>","protected":false},"featured_media":1713,"template":"","meta":[],"product_brand":[],"product_cat":[28],"product_tag":[137],"class_list":{"0":"post-2661","1":"product","2":"type-product","3":"status-publish","4":"has-post-thumbnail","6":"product_cat-mekanik-salmastra","7":"product_tag-mekaniksalmastra","9":"first","10":"instock","11":"shipping-taxable","12":"product-type-simple"},"_links":{"self":[{"href":"https:\/\/ge-fa.com\/en\/wp-json\/wp\/v2\/product\/2661","targetHints":{"allow":["GET"]}}],"collection":[{"href":"https:\/\/ge-fa.com\/en\/wp-json\/wp\/v2\/product"}],"about":[{"href":"https:\/\/ge-fa.com\/en\/wp-json\/wp\/v2\/types\/product"}],"wp:featuredmedia":[{"embeddable":true,"href":"https:\/\/ge-fa.com\/en\/wp-json\/wp\/v2\/media\/1713"}],"wp:attachment":[{"href":"https:\/\/ge-fa.com\/en\/wp-json\/wp\/v2\/media?parent=2661"}],"wp:term":[{"taxonomy":"product_brand","embeddable":true,"href":"https:\/\/ge-fa.com\/en\/wp-json\/wp\/v2\/product_brand?post=2661"},{"taxonomy":"product_cat","embeddable":true,"href":"https:\/\/ge-fa.com\/en\/wp-json\/wp\/v2\/product_cat?post=2661"},{"taxonomy":"product_tag","embeddable":true,"href":"https:\/\/ge-fa.com\/en\/wp-json\/wp\/v2\/product_tag?post=2661"}],"curies":[{"name":"wp","href":"https:\/\/api.w.org\/{rel}","templated":true}]}}