{"id":2588,"date":"2023-10-18T11:10:07","date_gmt":"2023-10-18T11:10:07","guid":{"rendered":"https:\/\/ge-fa.com.tr\/?post_type=product&#038;p=2588"},"modified":"2023-12-03T15:54:13","modified_gmt":"2023-12-03T15:54:13","slug":"buhar-basliklari","status":"publish","type":"product","link":"https:\/\/ge-fa.com\/en\/product\/buhar-basliklari\/","title":{"rendered":"Buhar Ba\u015fl\u0131klar\u0131"},"content":{"rendered":"<p><span style=\"color: #ffffff;\">a<\/span><\/p>","protected":false},"excerpt":{"rendered":"<p>Buhar ba\u015fl\u0131klar\u0131n\u0131n kullan\u0131m alanlar\u0131n\u0131 k\u0131zg\u0131n su,buhar, k\u0131zg\u0131n ya\u011f vb vs..olarak s\u0131ralamam\u0131z m\u00fcmk\u00fcnd\u00fcr.<\/p>\n<p>Ak\u0131\u015fkan\u0131 d\u00f6nen tambur \u00fczerinden sabit bir eksene transfer amac\u0131yla kullan\u0131l\u0131rlar. Buhar\u00a0 ba\u015fl\u0131klar\u0131 ka\u011f\u0131t , kau\u00e7uk , tekstil , kimyasal , plastik ve\u00a0 g\u0131da\u00a0 i\u015fleme\u00a0 sanayilerinin\u00a0 gereksinimlerini\u00a0 kar\u015f\u0131lar , a\u015f\u0131r\u0131 zor\u00a0 \u015fartlarda ve\u00a0 y\u00fcksek\u00a0 h\u0131zda\u00a0 \u00e7al\u0131\u015fan\u00a0 silindirlerde bile\u00a0 g\u00fcvenilir\u00a0 hizmet\u00a0 sunarlar .<\/p>","protected":false},"featured_media":1811,"template":"","meta":[],"product_brand":[],"product_cat":[28],"product_tag":[139,137],"class_list":{"0":"post-2588","1":"product","2":"type-product","3":"status-publish","4":"has-post-thumbnail","6":"product_cat-mekanik-salmastra","7":"product_tag-buharbasliklari","8":"product_tag-mekaniksalmastra","10":"first","11":"instock","12":"shipping-taxable","13":"product-type-simple"},"_links":{"self":[{"href":"https:\/\/ge-fa.com\/en\/wp-json\/wp\/v2\/product\/2588","targetHints":{"allow":["GET"]}}],"collection":[{"href":"https:\/\/ge-fa.com\/en\/wp-json\/wp\/v2\/product"}],"about":[{"href":"https:\/\/ge-fa.com\/en\/wp-json\/wp\/v2\/types\/product"}],"wp:featuredmedia":[{"embeddable":true,"href":"https:\/\/ge-fa.com\/en\/wp-json\/wp\/v2\/media\/1811"}],"wp:attachment":[{"href":"https:\/\/ge-fa.com\/en\/wp-json\/wp\/v2\/media?parent=2588"}],"wp:term":[{"taxonomy":"product_brand","embeddable":true,"href":"https:\/\/ge-fa.com\/en\/wp-json\/wp\/v2\/product_brand?post=2588"},{"taxonomy":"product_cat","embeddable":true,"href":"https:\/\/ge-fa.com\/en\/wp-json\/wp\/v2\/product_cat?post=2588"},{"taxonomy":"product_tag","embeddable":true,"href":"https:\/\/ge-fa.com\/en\/wp-json\/wp\/v2\/product_tag?post=2588"}],"curies":[{"name":"wp","href":"https:\/\/api.w.org\/{rel}","templated":true}]}}