{"id":2586,"date":"2023-10-18T11:02:36","date_gmt":"2023-10-18T11:02:36","guid":{"rendered":"https:\/\/ge-fa.com.tr\/?post_type=product&#038;p=2586"},"modified":"2023-10-18T11:02:36","modified_gmt":"2023-10-18T11:02:36","slug":"paslanmaz-su-basliklari","status":"publish","type":"product","link":"https:\/\/ge-fa.com\/en\/product\/paslanmaz-su-basliklari\/","title":{"rendered":"Paslanmaz Su Ba\u015fl\u0131klar\u0131"},"content":{"rendered":"<p><span style=\"color: #ffffff;\">a<\/span><\/p>","protected":false},"excerpt":{"rendered":"<p>Su ile so\u011futma yap\u0131lan tamburlarda kullan\u0131lan d\u00f6ner ba\u015fl\u0131klard\u0131r.<\/p>","protected":false},"featured_media":1776,"template":"","meta":[],"product_brand":[],"product_cat":[28],"product_tag":[137,138],"class_list":{"0":"post-2586","1":"product","2":"type-product","3":"status-publish","4":"has-post-thumbnail","6":"product_cat-mekanik-salmastra","7":"product_tag-mekaniksalmastra","8":"product_tag-paslanmazsubasliklari","10":"first","11":"instock","12":"shipping-taxable","13":"product-type-simple"},"_links":{"self":[{"href":"https:\/\/ge-fa.com\/en\/wp-json\/wp\/v2\/product\/2586","targetHints":{"allow":["GET"]}}],"collection":[{"href":"https:\/\/ge-fa.com\/en\/wp-json\/wp\/v2\/product"}],"about":[{"href":"https:\/\/ge-fa.com\/en\/wp-json\/wp\/v2\/types\/product"}],"wp:featuredmedia":[{"embeddable":true,"href":"https:\/\/ge-fa.com\/en\/wp-json\/wp\/v2\/media\/1776"}],"wp:attachment":[{"href":"https:\/\/ge-fa.com\/en\/wp-json\/wp\/v2\/media?parent=2586"}],"wp:term":[{"taxonomy":"product_brand","embeddable":true,"href":"https:\/\/ge-fa.com\/en\/wp-json\/wp\/v2\/product_brand?post=2586"},{"taxonomy":"product_cat","embeddable":true,"href":"https:\/\/ge-fa.com\/en\/wp-json\/wp\/v2\/product_cat?post=2586"},{"taxonomy":"product_tag","embeddable":true,"href":"https:\/\/ge-fa.com\/en\/wp-json\/wp\/v2\/product_tag?post=2586"}],"curies":[{"name":"wp","href":"https:\/\/api.w.org\/{rel}","templated":true}]}}