{"id":2584,"date":"2023-10-18T09:49:57","date_gmt":"2023-10-18T09:49:57","guid":{"rendered":"https:\/\/ge-fa.com.tr\/?post_type=product&#038;p=2584"},"modified":"2023-10-18T09:49:57","modified_gmt":"2023-10-18T09:49:57","slug":"eva-yapiskanli-sunger-bant","status":"publish","type":"product","link":"https:\/\/ge-fa.com\/en\/product\/eva-yapiskanli-sunger-bant\/","title":{"rendered":"EVA YAPI\u015eKANLI S\u00dcNGER BANT"},"content":{"rendered":"<p><span style=\"color: #ffffff;\">a<\/span><\/p>","protected":false},"excerpt":{"rendered":"<p>EVA S\u00fcnger;\u00a0 Etilen Vinil Asetat&#8217;dan \u00fcretilmi\u015f bir malzemedir, esnek bir yap\u0131ya sahiptir. Darbelere kar\u015f\u0131 dayan\u0131kl\u0131d\u0131r. \u0130\u00e7erik itibariyle \u00fczerinde bakteri \u00fcretmedi\u011fi i\u00e7in son derece sa\u011fl\u0131kl\u0131d\u0131r. Is\u0131 ve so\u011fuk ge\u00e7irmeme \u00f6zelli\u011fine sahiptir. Do\u011faya dost bir malzemedir ve geri d\u00f6n\u00fc\u015f\u00fcml\u00fcd\u00fcr.<\/p>\n<p><strong>Eva Yap\u0131\u015fkanl\u0131 S\u00fcnger Profiller<\/strong>\u00a0b\u00fct\u00fcn bu \u00f6zellikleri dolay\u0131s\u0131yla end\u00fcstrilerin \u00e7e\u015fitli yerlerinde kullan\u0131lmaktad\u0131r.<\/p>","protected":false},"featured_media":1647,"template":"","meta":[],"product_brand":[],"product_cat":[27],"product_tag":[136,130,132,135],"class_list":{"0":"post-2584","1":"product","2":"type-product","3":"status-publish","4":"has-post-thumbnail","6":"product_cat-sungerler","7":"product_tag-evayapiskanlisungerbantlar","8":"product_tag-sungerler","9":"product_tag-yapiskanlibantlar","10":"product_tag-yapiskanlisungerbantlar","12":"first","13":"instock","14":"shipping-taxable","15":"product-type-simple"},"_links":{"self":[{"href":"https:\/\/ge-fa.com\/en\/wp-json\/wp\/v2\/product\/2584","targetHints":{"allow":["GET"]}}],"collection":[{"href":"https:\/\/ge-fa.com\/en\/wp-json\/wp\/v2\/product"}],"about":[{"href":"https:\/\/ge-fa.com\/en\/wp-json\/wp\/v2\/types\/product"}],"wp:featuredmedia":[{"embeddable":true,"href":"https:\/\/ge-fa.com\/en\/wp-json\/wp\/v2\/media\/1647"}],"wp:attachment":[{"href":"https:\/\/ge-fa.com\/en\/wp-json\/wp\/v2\/media?parent=2584"}],"wp:term":[{"taxonomy":"product_brand","embeddable":true,"href":"https:\/\/ge-fa.com\/en\/wp-json\/wp\/v2\/product_brand?post=2584"},{"taxonomy":"product_cat","embeddable":true,"href":"https:\/\/ge-fa.com\/en\/wp-json\/wp\/v2\/product_cat?post=2584"},{"taxonomy":"product_tag","embeddable":true,"href":"https:\/\/ge-fa.com\/en\/wp-json\/wp\/v2\/product_tag?post=2584"}],"curies":[{"name":"wp","href":"https:\/\/api.w.org\/{rel}","templated":true}]}}