{"id":2579,"date":"2023-10-18T09:42:41","date_gmt":"2023-10-18T09:42:41","guid":{"rendered":"https:\/\/ge-fa.com.tr\/?post_type=product&#038;p=2579"},"modified":"2023-10-18T09:42:41","modified_gmt":"2023-10-18T09:42:41","slug":"epdm-yapiskanli-sunger-bant","status":"publish","type":"product","link":"https:\/\/ge-fa.com\/en\/product\/epdm-yapiskanli-sunger-bant\/","title":{"rendered":"EPDM ADHESIVE SPONGE TAPE"},"content":{"rendered":"<p><span style=\"color: #ffffff;\">a<\/span><\/p>","protected":false},"excerpt":{"rendered":"<p>EPDM Kau\u00e7uk s\u00fcngerlerin d\u0131\u015f\u0131 parlak, g\u00f6zeneksiz kaplamal\u0131 olup m\u00fckemmel s\u0131zd\u0131rmazl\u0131k sa\u011flarlar.\u00a0<em>EPDM S\u00fcnger Profiller\u00a0<\/em>g\u00f6zeneksiz y\u00fczey sayesinde su, toz ve hava s\u0131zd\u0131rmazl\u0131\u011f\u0131n\u0131 \u00fcst\u00fcn \u015fekilde sa\u011flar. G\u00f6zenekli i\u00e7yap\u0131s\u0131, malzemenin iyi bir \u015fekilde ezilmesi, elastik olmas\u0131n\u0131 sa\u011flar. Ezilme sonras\u0131nda toparlanmas\u0131 ve eski haline gelme \u00f6zelli\u011fi olduk\u00e7a iyidir.<\/p>\n<p>EPDM Sponge Profiles are used in ships, fairing covers and doors, textile dyeing covers, machinery manufacturing industry and all kinds of environments requiring elastic sealing.<\/p>\n<p>Yap\u0131\u015fkanl\u0131 EPDM S\u00fcnger Bantlar, s\u0131zd\u0131rmazl\u0131k \u00fcr\u00fcn\u00fc olarak\u00a0yap\u0131\u015fkanl\u0131 y\u00fczeyi sayesinde\u00a0pratik ve kolay kullan\u0131m imkan\u0131 sunar.<\/p>","protected":false},"featured_media":1648,"template":"","meta":[],"product_brand":[],"product_cat":[27],"product_tag":[134,133,130,132],"class_list":{"0":"post-2579","1":"product","2":"type-product","3":"status-publish","4":"has-post-thumbnail","6":"product_cat-sungerler","7":"product_tag-epmdyapiskanlisungerbantlar","8":"product_tag-sungerbantlar","9":"product_tag-sungerler","10":"product_tag-yapiskanlibantlar","12":"first","13":"instock","14":"shipping-taxable","15":"product-type-simple"},"_links":{"self":[{"href":"https:\/\/ge-fa.com\/en\/wp-json\/wp\/v2\/product\/2579","targetHints":{"allow":["GET"]}}],"collection":[{"href":"https:\/\/ge-fa.com\/en\/wp-json\/wp\/v2\/product"}],"about":[{"href":"https:\/\/ge-fa.com\/en\/wp-json\/wp\/v2\/types\/product"}],"wp:featuredmedia":[{"embeddable":true,"href":"https:\/\/ge-fa.com\/en\/wp-json\/wp\/v2\/media\/1648"}],"wp:attachment":[{"href":"https:\/\/ge-fa.com\/en\/wp-json\/wp\/v2\/media?parent=2579"}],"wp:term":[{"taxonomy":"product_brand","embeddable":true,"href":"https:\/\/ge-fa.com\/en\/wp-json\/wp\/v2\/product_brand?post=2579"},{"taxonomy":"product_cat","embeddable":true,"href":"https:\/\/ge-fa.com\/en\/wp-json\/wp\/v2\/product_cat?post=2579"},{"taxonomy":"product_tag","embeddable":true,"href":"https:\/\/ge-fa.com\/en\/wp-json\/wp\/v2\/product_tag?post=2579"}],"curies":[{"name":"wp","href":"https:\/\/api.w.org\/{rel}","templated":true}]}}