{"id":2576,"date":"2023-10-18T07:55:16","date_gmt":"2023-10-18T07:55:16","guid":{"rendered":"https:\/\/ge-fa.com.tr\/?post_type=product&#038;p=2576"},"modified":"2023-10-18T09:49:30","modified_gmt":"2023-10-18T09:49:30","slug":"sunger-levhalar","status":"publish","type":"product","link":"https:\/\/ge-fa.com\/en\/product\/sunger-levhalar\/","title":{"rendered":"SPONGE SHEETS"},"content":{"rendered":"<p><span style=\"color: #ffffff;\">a<\/span><\/p>","protected":false},"excerpt":{"rendered":"<p><em>Epdm s\u00fcnger levhalar<\/em> ,ultraviyole \u0131\u015f\u0131nlara ve hava \u015fartlar\u0131na mukavemetlidir.\u00a0G\u00f6zeneksiz yap\u0131s\u0131 sayesinde \u00fcst\u00fcn s\u0131zd\u0131rmazl\u0131k sa\u011flar, kau\u00e7uk esasl\u0131 oldu\u011fundan s\u00fcspansiyon \u00f6zelli\u011fi vard\u0131r.<\/p>\n<p>\u00c7e\u015fitli boy ve ebatlarda kesilebilece\u011fi gibi kesme b\u0131\u00e7aklar\u0131yla\u00a0<em>\u00f6zel conta kesim\u00a0<\/em>olana\u011f\u0131 vard\u0131r.<\/p>\n<p>Gerek duyuldu\u011funda bir y\u00fczeyine yap\u0131\u015fkan bant takviyesi yap\u0131labilir. A\u011f\u0131rl\u0131kl\u0131 olarak in\u015faat sekt\u00f6r\u00fc,elektrik-elektronik, ayd\u0131nlatma sanayi ve makine imalat sanayinde kullan\u0131m\u0131 yayg\u0131nd\u0131r.<\/p>","protected":false},"featured_media":1784,"template":"","meta":[],"product_brand":[],"product_cat":[26,27],"product_tag":[111,130,129],"class_list":{"0":"post-2576","1":"product","2":"type-product","3":"status-publish","4":"has-post-thumbnail","6":"product_cat-levhalar","7":"product_cat-sungerler","8":"product_tag-levhalar","9":"product_tag-sungerler","10":"product_tag-sungerlevhalar","12":"first","13":"instock","14":"shipping-taxable","15":"product-type-simple"},"_links":{"self":[{"href":"https:\/\/ge-fa.com\/en\/wp-json\/wp\/v2\/product\/2576","targetHints":{"allow":["GET"]}}],"collection":[{"href":"https:\/\/ge-fa.com\/en\/wp-json\/wp\/v2\/product"}],"about":[{"href":"https:\/\/ge-fa.com\/en\/wp-json\/wp\/v2\/types\/product"}],"wp:featuredmedia":[{"embeddable":true,"href":"https:\/\/ge-fa.com\/en\/wp-json\/wp\/v2\/media\/1784"}],"wp:attachment":[{"href":"https:\/\/ge-fa.com\/en\/wp-json\/wp\/v2\/media?parent=2576"}],"wp:term":[{"taxonomy":"product_brand","embeddable":true,"href":"https:\/\/ge-fa.com\/en\/wp-json\/wp\/v2\/product_brand?post=2576"},{"taxonomy":"product_cat","embeddable":true,"href":"https:\/\/ge-fa.com\/en\/wp-json\/wp\/v2\/product_cat?post=2576"},{"taxonomy":"product_tag","embeddable":true,"href":"https:\/\/ge-fa.com\/en\/wp-json\/wp\/v2\/product_tag?post=2576"}],"curies":[{"name":"wp","href":"https:\/\/api.w.org\/{rel}","templated":true}]}}