{"id":2575,"date":"2023-10-18T07:53:09","date_gmt":"2023-10-18T07:53:09","guid":{"rendered":"https:\/\/ge-fa.com.tr\/?post_type=product&#038;p=2575"},"modified":"2023-10-18T07:53:09","modified_gmt":"2023-10-18T07:53:09","slug":"diyafram-lastik-levhalari","status":"publish","type":"product","link":"https:\/\/ge-fa.com\/en\/product\/diyafram-lastik-levhalari\/","title":{"rendered":"DIAPHRAGM RUBBER SHEETS"},"content":{"rendered":"<p><span style=\"color: #ffffff;\">a<\/span><\/p>","protected":false},"excerpt":{"rendered":"<p>Diyafram lasti\u011fi levha olarak sanayi ya\u011flar\u0131nda, akaryak\u0131tta ve \u0131s\u0131ya mukavemet isteyen yerlerde conta, makine, dedant\u00f6r ve karb\u00fcrat\u00f6rlerde diyafram olarak kullan\u0131lmaktad\u0131r.<br \/>\nDiyafram lastik levhan\u0131n; bezli veya bezsiz tipleri vard\u0131r.<\/p>\n<p>Kal\u0131nl\u0131k 0,30 mm.- 4mm. aras\u0131nda, 400&#215;400 mm. ebad\u0131ndad\u0131r.<\/p>","protected":false},"featured_media":1814,"template":"","meta":[],"product_brand":[],"product_cat":[26],"product_tag":[128,111],"class_list":{"0":"post-2575","1":"product","2":"type-product","3":"status-publish","4":"has-post-thumbnail","6":"product_cat-levhalar","7":"product_tag-diyaframlastiklevhalar","8":"product_tag-levhalar","10":"first","11":"instock","12":"shipping-taxable","13":"product-type-simple"},"_links":{"self":[{"href":"https:\/\/ge-fa.com\/en\/wp-json\/wp\/v2\/product\/2575","targetHints":{"allow":["GET"]}}],"collection":[{"href":"https:\/\/ge-fa.com\/en\/wp-json\/wp\/v2\/product"}],"about":[{"href":"https:\/\/ge-fa.com\/en\/wp-json\/wp\/v2\/types\/product"}],"wp:featuredmedia":[{"embeddable":true,"href":"https:\/\/ge-fa.com\/en\/wp-json\/wp\/v2\/media\/1814"}],"wp:attachment":[{"href":"https:\/\/ge-fa.com\/en\/wp-json\/wp\/v2\/media?parent=2575"}],"wp:term":[{"taxonomy":"product_brand","embeddable":true,"href":"https:\/\/ge-fa.com\/en\/wp-json\/wp\/v2\/product_brand?post=2575"},{"taxonomy":"product_cat","embeddable":true,"href":"https:\/\/ge-fa.com\/en\/wp-json\/wp\/v2\/product_cat?post=2575"},{"taxonomy":"product_tag","embeddable":true,"href":"https:\/\/ge-fa.com\/en\/wp-json\/wp\/v2\/product_tag?post=2575"}],"curies":[{"name":"wp","href":"https:\/\/api.w.org\/{rel}","templated":true}]}}