{"id":2571,"date":"2023-10-18T07:39:52","date_gmt":"2023-10-18T07:39:52","guid":{"rendered":"https:\/\/ge-fa.com.tr\/?post_type=product&#038;p=2571"},"modified":"2023-10-18T07:39:52","modified_gmt":"2023-10-18T07:39:52","slug":"silikon-levha","status":"publish","type":"product","link":"https:\/\/ge-fa.com\/en\/product\/silikon-levha\/","title":{"rendered":"SILICONE SHEET"},"content":{"rendered":"<p><span style=\"color: #ffffff;\">a<\/span><\/p>","protected":false},"excerpt":{"rendered":"<p>Silikon Levhalar, \u0131s\u0131n\u0131n y\u00fcksek oldu\u011fu durumlarda kullan\u0131ma uygun elastik \u00fcr\u00fcnlerdir. Silikon levhalar 250C\u00b0&#8217;ye kadar olan s\u0131cak ortamlarda bozulmadan kullan\u0131labilir.<br \/>\nG\u0131da ve sa\u011fl\u0131k \u00fcr\u00fcnlerinde kullan\u0131ma uygundur. Kokusuz oldu\u011fu i\u00e7in g\u0131da sanayinde tercih edilir.<\/p>\n<p>Standart \u00f6l\u00e7\u00fcler d\u0131\u015f\u0131nda \u00f6zel \u00f6l\u00e7\u00fclerde de yap\u0131labilir, \u00fcretim ve conta kesimi i\u00e7in irtibatta ge\u00e7ebilirsiniz.<\/p>","protected":false},"featured_media":1678,"template":"","meta":[],"product_brand":[],"product_cat":[26],"product_tag":[111,126],"class_list":{"0":"post-2571","1":"product","2":"type-product","3":"status-publish","4":"has-post-thumbnail","6":"product_cat-levhalar","7":"product_tag-levhalar","8":"product_tag-silikonlevhalar","10":"first","11":"instock","12":"shipping-taxable","13":"product-type-simple"},"_links":{"self":[{"href":"https:\/\/ge-fa.com\/en\/wp-json\/wp\/v2\/product\/2571","targetHints":{"allow":["GET"]}}],"collection":[{"href":"https:\/\/ge-fa.com\/en\/wp-json\/wp\/v2\/product"}],"about":[{"href":"https:\/\/ge-fa.com\/en\/wp-json\/wp\/v2\/types\/product"}],"wp:featuredmedia":[{"embeddable":true,"href":"https:\/\/ge-fa.com\/en\/wp-json\/wp\/v2\/media\/1678"}],"wp:attachment":[{"href":"https:\/\/ge-fa.com\/en\/wp-json\/wp\/v2\/media?parent=2571"}],"wp:term":[{"taxonomy":"product_brand","embeddable":true,"href":"https:\/\/ge-fa.com\/en\/wp-json\/wp\/v2\/product_brand?post=2571"},{"taxonomy":"product_cat","embeddable":true,"href":"https:\/\/ge-fa.com\/en\/wp-json\/wp\/v2\/product_cat?post=2571"},{"taxonomy":"product_tag","embeddable":true,"href":"https:\/\/ge-fa.com\/en\/wp-json\/wp\/v2\/product_tag?post=2571"}],"curies":[{"name":"wp","href":"https:\/\/api.w.org\/{rel}","templated":true}]}}