{"id":2570,"date":"2023-10-18T07:33:40","date_gmt":"2023-10-18T07:33:40","guid":{"rendered":"https:\/\/ge-fa.com.tr\/?post_type=product&#038;p=2570"},"modified":"2023-10-18T07:33:41","modified_gmt":"2023-10-18T07:33:41","slug":"teflon-ptfe-levha","status":"publish","type":"product","link":"https:\/\/ge-fa.com\/en\/product\/teflon-ptfe-levha\/","title":{"rendered":"TEFLON (PTFE) SHEET"},"content":{"rendered":"<p><span style=\"color: #ffffff;\">a<\/span><\/p>","protected":false},"excerpt":{"rendered":"<p>PTFE Malzemeler molek\u00fcl yap\u0131s\u0131nda bulunan karbon ve flor atomlar\u0131 aras\u0131ndaki kuvvetli ba\u011flar nedeniyle \u00fcst\u00fcn \u00f6zelliklere sahip, \u00e7ok \u00e7e\u015fitli kimyasallara kar\u015f\u0131 dayan\u0131m g\u00f6sterebilen, uygulama s\u0131cakl\u0131k aral\u0131\u011f\u0131 \u00e7ok geni\u015f (-250 ile +250 \u00b0C aras\u0131nda) olan bir malzemedir. Karbon, bronz ve cam elyaf gibi katk\u0131lar ile PTFE malzemenin a\u015f\u0131nma ve y\u00fck alt\u0131nda direnci, s\u0131cakl\u0131k dayan\u0131m\u0131 gibi \u00f6zellikleri iyile\u015ftirilebilir.<\/p>\n<p>2 mm\u2019den ince PTFE malzemeler filmler halinde ve 1000 mm veya 1200 mm eninde rulolar \u015feklinde temin edilir.<\/p>\n<ul>\n<li>\u00dcst\u00fcn elektriksel ve \u0131s\u0131 izolasyon \u00f6zelli\u011fi vard\u0131r.<\/li>\n<li>Yanmaz ve yap\u0131\u015fmaz.<\/li>\n<li>Nem ve ortam \u015fartlar\u0131na dayan\u0131m g\u00f6sterir.<\/li>\n<li>Geni\u015f s\u0131cakl\u0131k aral\u0131\u011f\u0131nda kullan\u0131labilir.<\/li>\n<\/ul>","protected":false},"featured_media":1610,"template":"","meta":[],"product_brand":[],"product_cat":[26],"product_tag":[111,125],"class_list":{"0":"post-2570","1":"product","2":"type-product","3":"status-publish","4":"has-post-thumbnail","6":"product_cat-levhalar","7":"product_tag-levhalar","8":"product_tag-teflonptfelevha","10":"first","11":"instock","12":"shipping-taxable","13":"product-type-simple"},"_links":{"self":[{"href":"https:\/\/ge-fa.com\/en\/wp-json\/wp\/v2\/product\/2570","targetHints":{"allow":["GET"]}}],"collection":[{"href":"https:\/\/ge-fa.com\/en\/wp-json\/wp\/v2\/product"}],"about":[{"href":"https:\/\/ge-fa.com\/en\/wp-json\/wp\/v2\/types\/product"}],"wp:featuredmedia":[{"embeddable":true,"href":"https:\/\/ge-fa.com\/en\/wp-json\/wp\/v2\/media\/1610"}],"wp:attachment":[{"href":"https:\/\/ge-fa.com\/en\/wp-json\/wp\/v2\/media?parent=2570"}],"wp:term":[{"taxonomy":"product_brand","embeddable":true,"href":"https:\/\/ge-fa.com\/en\/wp-json\/wp\/v2\/product_brand?post=2570"},{"taxonomy":"product_cat","embeddable":true,"href":"https:\/\/ge-fa.com\/en\/wp-json\/wp\/v2\/product_cat?post=2570"},{"taxonomy":"product_tag","embeddable":true,"href":"https:\/\/ge-fa.com\/en\/wp-json\/wp\/v2\/product_tag?post=2570"}],"curies":[{"name":"wp","href":"https:\/\/api.w.org\/{rel}","templated":true}]}}