{"id":2566,"date":"2023-10-17T09:14:23","date_gmt":"2023-10-17T09:14:23","guid":{"rendered":"https:\/\/ge-fa.com.tr\/?post_type=product&#038;p=2566"},"modified":"2023-10-17T09:15:13","modified_gmt":"2023-10-17T09:15:13","slug":"grafitli-telli-levhalar","status":"publish","type":"product","link":"https:\/\/ge-fa.com\/en\/product\/grafitli-telli-levhalar\/","title":{"rendered":"GRAPHITE WIRE SHEETS"},"content":{"rendered":"<p><span style=\"color: #ffffff;\">a<\/span><\/p>","protected":false},"excerpt":{"rendered":"<p>Grafitli Telli Levhalar genel olarak buhar hatlar\u0131, su, s\u0131cak su ve y\u00fcksek s\u0131cakl\u0131ktaki ak\u0131\u015fkanlar i\u00e7in conta yap\u0131m\u0131nda idealdir. Grafitli Telli Levhalar sorunlu flan\u015f y\u00fczeylerini,doldurabilecek esnek yap\u0131dad\u0131rlar.<\/p>\n<p>Grafitli telli leha hafif ve orta dereceli bas\u0131n\u00e7lar i\u00e7in ideal bir conta malzemesidir. Grafitli Telli Levhalar, g\u0131da hatlar\u0131 i\u00e7in asbest i\u00e7ermeyen uluslararas\u0131 standartlara uygun malzemelerden \u00fcretilmi\u015f sa\u011fl\u0131k a\u00e7\u0131s\u0131ndan zarars\u0131z contalard\u0131r. Asbest i\u00e7ermezler.<\/p>\n<p>Max S\u0131cakl\u0131k: 350 oC<br \/>\nMax Bas\u0131n\u00e7: 70 Bar<br \/>\nKal\u0131nl\u0131k: 2mm &#8211; 3mm<\/p>","protected":false},"featured_media":1829,"template":"","meta":[],"product_brand":[],"product_cat":[26],"product_tag":[123,111],"class_list":{"0":"post-2566","1":"product","2":"type-product","3":"status-publish","4":"has-post-thumbnail","6":"product_cat-levhalar","7":"product_tag-grafitlitellilevhalar","8":"product_tag-levhalar","10":"first","11":"instock","12":"shipping-taxable","13":"product-type-simple"},"_links":{"self":[{"href":"https:\/\/ge-fa.com\/en\/wp-json\/wp\/v2\/product\/2566","targetHints":{"allow":["GET"]}}],"collection":[{"href":"https:\/\/ge-fa.com\/en\/wp-json\/wp\/v2\/product"}],"about":[{"href":"https:\/\/ge-fa.com\/en\/wp-json\/wp\/v2\/types\/product"}],"wp:featuredmedia":[{"embeddable":true,"href":"https:\/\/ge-fa.com\/en\/wp-json\/wp\/v2\/media\/1829"}],"wp:attachment":[{"href":"https:\/\/ge-fa.com\/en\/wp-json\/wp\/v2\/media?parent=2566"}],"wp:term":[{"taxonomy":"product_brand","embeddable":true,"href":"https:\/\/ge-fa.com\/en\/wp-json\/wp\/v2\/product_brand?post=2566"},{"taxonomy":"product_cat","embeddable":true,"href":"https:\/\/ge-fa.com\/en\/wp-json\/wp\/v2\/product_cat?post=2566"},{"taxonomy":"product_tag","embeddable":true,"href":"https:\/\/ge-fa.com\/en\/wp-json\/wp\/v2\/product_tag?post=2566"}],"curies":[{"name":"wp","href":"https:\/\/api.w.org\/{rel}","templated":true}]}}