{"id":2562,"date":"2023-10-17T09:01:51","date_gmt":"2023-10-17T09:01:51","guid":{"rendered":"https:\/\/ge-fa.com.tr\/?post_type=product&#038;p=2562"},"modified":"2023-10-17T09:01:52","modified_gmt":"2023-10-17T09:01:52","slug":"dielektrik-levha-izole-hali","status":"publish","type":"product","link":"https:\/\/ge-fa.com\/en\/product\/dielektrik-levha-izole-hali\/","title":{"rendered":"DIELECTRIC SHEET \u2013 INSULATING CARPET"},"content":{"rendered":"<p><span style=\"color: #ffffff;\">a<\/span><\/p>","protected":false},"excerpt":{"rendered":"<div class=\"summary entry-summary\">\n<p>Dieleltrik levha; ad\u0131 izole hal\u0131 olarak da ge\u00e7mektedir. Y\u00fcksek yal\u0131t\u0131m \u00f6zelli\u011fi kazand\u0131rmak i\u00e7in \u00f6zel olarak NBR\/SBR\/NR\u2019den \u00fcretilmi\u015ftir. H\u0131zl\u0131 elektrik \u015farj bo\u015faltma \u00f6zelli\u011fine sahiptir.<\/p>\n<p>Kullan\u0131m alanlar\u0131; Trafo bina zeminleri, elektrik pano zemin kaplamas\u0131, elektronik, tekstil, bask\u0131, boyama vb yerlerde ve\u00a0Y\u00fcksek dielektrik mukavemeti istenen yerler gibi tesislerde geni\u015f bir kullan\u0131m alan\u0131na sahiptir.<\/p>\n<p>Elektrik izolasyonu gerektiren her yerde, izolasyon hal\u0131s\u0131 ve dielektrik levha olarak kullan\u0131lan, tabii kau\u00e7uk oran\u0131 y\u00fcksek,elektrik iletkenli\u011fi hi\u00e7 olmayan, siyah harici renklerde lastik levhalard\u0131r. \u0130\u015f g\u00fcvenli\u011fi anlam\u0131nda elektri\u011fin yal\u0131t\u0131lmas\u0131 gereken her t\u00fcrl\u00fc ortamda kullan\u0131l\u0131r.<\/p>\n<p>10 metre boylarda \u00fcretilmektedir.<\/p>\n<p>1000 mm enlerinde \u00fcretilir.<\/p>\n<p>2 mm den 10 mm kal\u0131nl\u0131\u011fa kadar \u00fcretim m\u00fcmk\u00fcnd\u00fcr.<\/p>\n<p>Elektri\u011fi iletmez.<\/p>\n<p>Alev almaz.<\/p>\n<p>Uzun \u00f6m\u00fcrl\u00fcd\u00fcr.<\/p>\n<p>1000 ila 50000 Volta kadar dayan\u0131kl\u0131l\u0131k g\u00f6steren levhalar mevcuttur.<\/p>\n<p>Elektrik Santralleri<\/p>\n<p>Trafo Merkezleri<\/p>\n<p>Elektrikle \u00c7al\u0131\u015fan Makine ve \u00c7al\u0131\u015fma Tezgahlar\u0131<\/p>\n<p>Pano \u00d6nleri<\/p>\n<p>&nbsp;<\/p>\n<\/div>\n<div class=\"d-flex align-items-center\">\n<ul class=\"social-icons social-icons-medium social-icons-clean-with-border social-icons-clean-with-border-border-grey social-icons-clean-with-border-icon-dark mr-3 mb-0\">\n<li class=\"social-icons-facebook\"><\/li>\n<\/ul>\n<\/div>","protected":false},"featured_media":1627,"template":"","meta":[],"product_brand":[],"product_cat":[26],"product_tag":[120,121,111],"class_list":{"0":"post-2562","1":"product","2":"type-product","3":"status-publish","4":"has-post-thumbnail","6":"product_cat-levhalar","7":"product_tag-dielektriklevha","8":"product_tag-izolehali","9":"product_tag-levhalar","11":"first","12":"instock","13":"shipping-taxable","14":"product-type-simple"},"_links":{"self":[{"href":"https:\/\/ge-fa.com\/en\/wp-json\/wp\/v2\/product\/2562","targetHints":{"allow":["GET"]}}],"collection":[{"href":"https:\/\/ge-fa.com\/en\/wp-json\/wp\/v2\/product"}],"about":[{"href":"https:\/\/ge-fa.com\/en\/wp-json\/wp\/v2\/types\/product"}],"wp:featuredmedia":[{"embeddable":true,"href":"https:\/\/ge-fa.com\/en\/wp-json\/wp\/v2\/media\/1627"}],"wp:attachment":[{"href":"https:\/\/ge-fa.com\/en\/wp-json\/wp\/v2\/media?parent=2562"}],"wp:term":[{"taxonomy":"product_brand","embeddable":true,"href":"https:\/\/ge-fa.com\/en\/wp-json\/wp\/v2\/product_brand?post=2562"},{"taxonomy":"product_cat","embeddable":true,"href":"https:\/\/ge-fa.com\/en\/wp-json\/wp\/v2\/product_cat?post=2562"},{"taxonomy":"product_tag","embeddable":true,"href":"https:\/\/ge-fa.com\/en\/wp-json\/wp\/v2\/product_tag?post=2562"}],"curies":[{"name":"wp","href":"https:\/\/api.w.org\/{rel}","templated":true}]}}