{"id":2560,"date":"2023-10-16T12:05:17","date_gmt":"2023-10-16T12:05:17","guid":{"rendered":"https:\/\/ge-fa.com.tr\/?post_type=product&#038;p=2560"},"modified":"2023-10-16T12:06:43","modified_gmt":"2023-10-16T12:06:43","slug":"kumlama-levha","status":"publish","type":"product","link":"https:\/\/ge-fa.com\/en\/product\/kumlama-levha\/","title":{"rendered":"SANDBLASTING SHEET"},"content":{"rendered":"<p><span style=\"color: #ffffff;\">a<\/span><\/p>","protected":false},"excerpt":{"rendered":"<p>Tabii kau\u00e7uk oran\u0131 olduk\u00e7a y\u00fcksek olan Kumlama Levhalar\u0131, a\u015f\u0131nmaya diren\u00e7li olarak \u00fcretilir. Kumlama Levhalar\u0131, kumlama makineleri ve kumlama odalar\u0131n\u0131n i\u00e7 y\u00fczey kaplama malzemesidir.<br \/>\nAyr\u0131ca tekstil, matbaa, mermer makinelerinde ve y\u00fcksek bas\u0131nca kar\u015f\u0131 diren\u00e7 gerektiren di\u011fer ortamlarda da kullan\u0131m\u0131 uygundur.<\/p>","protected":false},"featured_media":1682,"template":"","meta":[],"product_brand":[],"product_cat":[26],"product_tag":[117,111],"class_list":{"0":"post-2560","1":"product","2":"type-product","3":"status-publish","4":"has-post-thumbnail","6":"product_cat-levhalar","7":"product_tag-kumlamalevhalar","8":"product_tag-levhalar","10":"first","11":"instock","12":"shipping-taxable","13":"product-type-simple"},"_links":{"self":[{"href":"https:\/\/ge-fa.com\/en\/wp-json\/wp\/v2\/product\/2560","targetHints":{"allow":["GET"]}}],"collection":[{"href":"https:\/\/ge-fa.com\/en\/wp-json\/wp\/v2\/product"}],"about":[{"href":"https:\/\/ge-fa.com\/en\/wp-json\/wp\/v2\/types\/product"}],"wp:featuredmedia":[{"embeddable":true,"href":"https:\/\/ge-fa.com\/en\/wp-json\/wp\/v2\/media\/1682"}],"wp:attachment":[{"href":"https:\/\/ge-fa.com\/en\/wp-json\/wp\/v2\/media?parent=2560"}],"wp:term":[{"taxonomy":"product_brand","embeddable":true,"href":"https:\/\/ge-fa.com\/en\/wp-json\/wp\/v2\/product_brand?post=2560"},{"taxonomy":"product_cat","embeddable":true,"href":"https:\/\/ge-fa.com\/en\/wp-json\/wp\/v2\/product_cat?post=2560"},{"taxonomy":"product_tag","embeddable":true,"href":"https:\/\/ge-fa.com\/en\/wp-json\/wp\/v2\/product_tag?post=2560"}],"curies":[{"name":"wp","href":"https:\/\/api.w.org\/{rel}","templated":true}]}}