{"id":2559,"date":"2023-10-16T12:01:22","date_gmt":"2023-10-16T12:01:22","guid":{"rendered":"https:\/\/ge-fa.com.tr\/?post_type=product&#038;p=2559"},"modified":"2023-10-16T12:03:31","modified_gmt":"2023-10-16T12:03:31","slug":"neopren-lastik-levha","status":"publish","type":"product","link":"https:\/\/ge-fa.com\/en\/product\/neopren-lastik-levha\/","title":{"rendered":"NEOPRENE RUBBER SHEET"},"content":{"rendered":"<p><span style=\"color: #ffffff;\">a<\/span><\/p>","protected":false},"excerpt":{"rendered":"<p>Neopren levhalar sertlik de\u011feri 40-80 shore aral\u0131\u011f\u0131nda olabilir. Neopren levhalar \u00f6zel \u00f6l\u00e7\u00fclerde kesime ve conta imalat\u0131na uygundur.<br \/>\nNeoprenin yanmay\u0131 geciktirici \u00f6zelli\u011fi vard\u0131r. Elastikiyeti m\u00fckemmeldir. Neopren lastik levhalar g\u00fcne\u015f \u0131\u015f\u0131nlar\u0131na, korozyona, deniz suyuna, asit ve kimyevi maddelere dayan\u0131kl\u0131d\u0131r. Alev y\u00fcr\u00fctmeyen lastik levha t\u00fcr\u00fcd\u00fcr. A\u015f\u0131nmaya ve ortam \u015fartlar\u0131na mukavemet g\u00f6sterir.<\/p>\n<p>Bu sebeplerden dolay\u0131 in\u015faat sekt\u00f6r\u00fcnde, \u00e7elik yap\u0131larda, baraj in\u015faatlar\u0131nda kullan\u0131m\u0131 yayg\u0131nd\u0131r.Gemi in\u015faa sekt\u00f6r\u00fcnde, g\u00fcbre fabrikalar\u0131nda, cam sanayiinde contal\u0131k s\u0131zd\u0131rmazl\u0131k eleman\u0131 olarak ve darbe emici elastomer pad olarak kullan\u0131l\u0131r.<\/p>","protected":false},"featured_media":1802,"template":"","meta":[],"product_brand":[],"product_cat":[26],"product_tag":[113,111,116],"class_list":{"0":"post-2559","1":"product","2":"type-product","3":"status-publish","4":"has-post-thumbnail","6":"product_cat-levhalar","7":"product_tag-lastiklevhalar","8":"product_tag-levhalar","9":"product_tag-neoprenlastiklevhalar","11":"first","12":"instock","13":"shipping-taxable","14":"product-type-simple"},"_links":{"self":[{"href":"https:\/\/ge-fa.com\/en\/wp-json\/wp\/v2\/product\/2559","targetHints":{"allow":["GET"]}}],"collection":[{"href":"https:\/\/ge-fa.com\/en\/wp-json\/wp\/v2\/product"}],"about":[{"href":"https:\/\/ge-fa.com\/en\/wp-json\/wp\/v2\/types\/product"}],"wp:featuredmedia":[{"embeddable":true,"href":"https:\/\/ge-fa.com\/en\/wp-json\/wp\/v2\/media\/1802"}],"wp:attachment":[{"href":"https:\/\/ge-fa.com\/en\/wp-json\/wp\/v2\/media?parent=2559"}],"wp:term":[{"taxonomy":"product_brand","embeddable":true,"href":"https:\/\/ge-fa.com\/en\/wp-json\/wp\/v2\/product_brand?post=2559"},{"taxonomy":"product_cat","embeddable":true,"href":"https:\/\/ge-fa.com\/en\/wp-json\/wp\/v2\/product_cat?post=2559"},{"taxonomy":"product_tag","embeddable":true,"href":"https:\/\/ge-fa.com\/en\/wp-json\/wp\/v2\/product_tag?post=2559"}],"curies":[{"name":"wp","href":"https:\/\/api.w.org\/{rel}","templated":true}]}}