{"id":2557,"date":"2023-10-16T11:58:04","date_gmt":"2023-10-16T11:58:04","guid":{"rendered":"https:\/\/ge-fa.com.tr\/?post_type=product&#038;p=2557"},"modified":"2023-10-16T11:58:05","modified_gmt":"2023-10-16T11:58:05","slug":"nitril-lastik-levha","status":"publish","type":"product","link":"https:\/\/ge-fa.com\/en\/product\/nitril-lastik-levha\/","title":{"rendered":"NITRILE RUBBER SHEET"},"content":{"rendered":"<p><span style=\"color: #ffffff;\">a<\/span><\/p>","protected":false},"excerpt":{"rendered":"<p>Nitril Kau\u00e7uk Levha -15\u00b0C ile 100\u00b0C \u0131s\u0131 aral\u0131\u011f\u0131nda rahatl\u0131kla kullan\u0131labilir. Nitril Levhalar; madeni ya\u011flara, Benzin ve Petrol \u00fcr\u00fcnlerine mukavemeti \u00fcst\u00fcn de\u011ferdedir.<\/p>\n<p>S\u00fcrt\u00fcnmeye olduk\u00e7a dayan\u0131kl\u0131 olup, enine ve boyuna \u00e7ekmelerde % 370 oran\u0131nda elastikiyet mod\u00fcl\u00fcne sahiptir.<\/p>","protected":false},"featured_media":1637,"template":"","meta":[],"product_brand":[],"product_cat":[26],"product_tag":[113,111,115],"class_list":{"0":"post-2557","1":"product","2":"type-product","3":"status-publish","4":"has-post-thumbnail","6":"product_cat-levhalar","7":"product_tag-lastiklevhalar","8":"product_tag-levhalar","9":"product_tag-nitrillastiklevhalar","11":"first","12":"instock","13":"shipping-taxable","14":"product-type-simple"},"_links":{"self":[{"href":"https:\/\/ge-fa.com\/en\/wp-json\/wp\/v2\/product\/2557","targetHints":{"allow":["GET"]}}],"collection":[{"href":"https:\/\/ge-fa.com\/en\/wp-json\/wp\/v2\/product"}],"about":[{"href":"https:\/\/ge-fa.com\/en\/wp-json\/wp\/v2\/types\/product"}],"wp:featuredmedia":[{"embeddable":true,"href":"https:\/\/ge-fa.com\/en\/wp-json\/wp\/v2\/media\/1637"}],"wp:attachment":[{"href":"https:\/\/ge-fa.com\/en\/wp-json\/wp\/v2\/media?parent=2557"}],"wp:term":[{"taxonomy":"product_brand","embeddable":true,"href":"https:\/\/ge-fa.com\/en\/wp-json\/wp\/v2\/product_brand?post=2557"},{"taxonomy":"product_cat","embeddable":true,"href":"https:\/\/ge-fa.com\/en\/wp-json\/wp\/v2\/product_cat?post=2557"},{"taxonomy":"product_tag","embeddable":true,"href":"https:\/\/ge-fa.com\/en\/wp-json\/wp\/v2\/product_tag?post=2557"}],"curies":[{"name":"wp","href":"https:\/\/api.w.org\/{rel}","templated":true}]}}