{"id":2553,"date":"2023-10-16T11:35:18","date_gmt":"2023-10-16T11:35:18","guid":{"rendered":"https:\/\/ge-fa.com.tr\/?post_type=product&#038;p=2553"},"modified":"2023-10-16T11:38:05","modified_gmt":"2023-10-16T11:38:05","slug":"lastik-levha","status":"publish","type":"product","link":"https:\/\/ge-fa.com\/en\/product\/lastik-levha\/","title":{"rendered":"RUBBER SHEET"},"content":{"rendered":"<h3 class=\"font-weight-normal\"> <strong class=\"font-weight-extra-bold\"><\/strong><\/h3>\n<p class=\"card-text\">\n<table align=\"left\" class=\"table table-hover table table-striped\"\n cellpadding=\"1\" cellspacing=\"1\" style=\"width:50%\"><\/p>\n<thead>\n<tr>\n<th style=\"height:21px; width:59px\">Kal\u0131nl\u0131k<\/th>\n<th style=\"width:115px\">Plaka Olarak<\/th>\n<th style=\"width:115px\">Yekpare Olarak<\/th>\n<\/tr>\n<\/thead>\n<tbody>\n<tr>\n<td style=\"height:20px; text-align:right\">1 mm<\/td>\n<td>1000 x 2000 x 1<\/td>\n<td>1000 x 10000 x 1<\/td>\n<\/tr>\n<tr>\n<td style=\"height:20px; text-align:right\">2 mm<\/td>\n<td>1000 x 2000 x 2<\/td>\n<td>1000 x 10000 x 2<\/td>\n<\/tr>\n<tr>\n<td style=\"height:20px; text-align:right\">3 mm<\/td>\n<td>1000 x 2000 x 3<\/td>\n<td>1000 x 10000 x 3<\/td>\n<\/tr>\n<tr>\n<td style=\"height:20px; text-align:right\">4 mm<\/td>\n<td>1000 x 2000 x 4<\/td>\n<td>1000 x 10000 x 4<\/td>\n<\/tr>\n<tr>\n<td style=\"height:20px; text-align:right\">5 mm<\/td>\n<td>1000 x 2000 x 5<\/td>\n<td>1000 x 10000 x 5<\/td>\n<\/tr>\n<tr>\n<td style=\"height:20px; text-align:right\">6 mm<\/td>\n<td>1000 x 2000 x 6<\/td>\n<td>1000 x&nbsp;&nbsp; 6000 x 6<\/td>\n<\/tr>\n<tr>\n<td style=\"height:20px; text-align:right\">8 mm<\/td>\n<td>1000 x 2000 x 8<\/td>\n<td>1000 x&nbsp;&nbsp; 4000 x 8<\/td>\n<\/tr>\n<tr>\n<td style=\"height:20px; text-align:right\">10 mm<\/td>\n<td>1000 x 2000 x 10<\/td>\n<td>1000 x&nbsp;&nbsp; 4000 x 10<\/td>\n<\/tr>\n<tr>\n<td style=\"height:20px; text-align:right\">15 mm<\/td>\n<td>1000 x 2000 x 15<\/td>\n<td style=\"text-align:center\">&nbsp;&ndash;<\/td>\n<\/tr>\n<tr>\n<td style=\"height:21px; text-align:right\">20 mm<\/td>\n<td>1000 x 2000 x 20<\/td>\n<td style=\"text-align:center\">&nbsp;&ndash;<\/td>\n<\/tr>\n<\/tbody>\n<\/table>","protected":false},"excerpt":{"rendered":"<p><strong>Lastik Levhalar;<\/strong>\u00a0taban d\u00f6\u015femelerinde, tezgah \u00fcst\u00fc olarak, s\u0131zd\u0131rmazl\u0131k amac\u0131yla conta imalat\u0131nda, yal\u0131t\u0131m ve izolasyon gereken yerlerde,su ve kanalizasyon gibi \u015febeke hatlar\u0131nda ve buna benzer amac\u0131na uygun her yerde kullan\u0131l\u0131r.\u00a0<strong>Lastik Levhalar<\/strong>, do\u011fal ve sentetik kau\u00e7uklardan, \u00f6zel kimyasal kar\u0131\u015f\u0131mlarla vulkanize edilerek imal edilen malzemelerdir.<\/p>\n<p>Levhalar, genelde 1x2mt\u00a0 ve 1x10mt plakalar halinde \u00fcretilmektedir.<\/p>\n<p>Lastik Levhalar; 1mm&#8217;den 20mm kal\u0131nl\u0131\u011fa kadar stoklu bulunmaktad\u0131r. Daha farkl\u0131 kal\u0131nl\u0131klar i\u00e7in dan\u0131\u015f\u0131n\u0131z.<\/p>","protected":false},"featured_media":1677,"template":"","meta":[],"product_brand":[],"product_cat":[26],"product_tag":[113,111],"class_list":{"0":"post-2553","1":"product","2":"type-product","3":"status-publish","4":"has-post-thumbnail","6":"product_cat-levhalar","7":"product_tag-lastiklevhalar","8":"product_tag-levhalar","10":"first","11":"instock","12":"shipping-taxable","13":"product-type-simple"},"_links":{"self":[{"href":"https:\/\/ge-fa.com\/en\/wp-json\/wp\/v2\/product\/2553","targetHints":{"allow":["GET"]}}],"collection":[{"href":"https:\/\/ge-fa.com\/en\/wp-json\/wp\/v2\/product"}],"about":[{"href":"https:\/\/ge-fa.com\/en\/wp-json\/wp\/v2\/types\/product"}],"wp:featuredmedia":[{"embeddable":true,"href":"https:\/\/ge-fa.com\/en\/wp-json\/wp\/v2\/media\/1677"}],"wp:attachment":[{"href":"https:\/\/ge-fa.com\/en\/wp-json\/wp\/v2\/media?parent=2553"}],"wp:term":[{"taxonomy":"product_brand","embeddable":true,"href":"https:\/\/ge-fa.com\/en\/wp-json\/wp\/v2\/product_brand?post=2553"},{"taxonomy":"product_cat","embeddable":true,"href":"https:\/\/ge-fa.com\/en\/wp-json\/wp\/v2\/product_cat?post=2553"},{"taxonomy":"product_tag","embeddable":true,"href":"https:\/\/ge-fa.com\/en\/wp-json\/wp\/v2\/product_tag?post=2553"}],"curies":[{"name":"wp","href":"https:\/\/api.w.org\/{rel}","templated":true}]}}