{"id":2546,"date":"2023-10-16T11:14:26","date_gmt":"2023-10-16T11:14:26","guid":{"rendered":"https:\/\/ge-fa.com.tr\/?post_type=product&#038;p=2546"},"modified":"2023-10-16T11:14:27","modified_gmt":"2023-10-16T11:14:27","slug":"desenli-lastik-levhalar","status":"publish","type":"product","link":"https:\/\/ge-fa.com\/en\/product\/desenli-lastik-levhalar\/","title":{"rendered":"PATTERNED RUBBER SHEETS"},"content":{"rendered":"<p><span style=\"color: #ffffff;\">a<\/span><\/p>","protected":false},"excerpt":{"rendered":"<p>Patterned rubber - rubber sheets produced in different patterns are generally used in floor coverings, flooring, under machines, non-slip surfaces, countertops, shelf-like area coverings. Patterned rubber sheets, areas of use may vary depending on the pattern preference. Patterned rubber sheets prevent slipping, provide a soft floor, are resistant to wear, provide sound insulation, and provide a beautiful appearance thanks to their pattern.<br \/>\n\u00d6l\u00e7\u00fc ve desen bilgileri i\u00e7in ileti\u015fime ge\u00e7ebilirsiniz.<\/p>","protected":false},"featured_media":1691,"template":"","meta":[],"product_brand":[],"product_cat":[26],"product_tag":[112,111],"class_list":{"0":"post-2546","1":"product","2":"type-product","3":"status-publish","4":"has-post-thumbnail","6":"product_cat-levhalar","7":"product_tag-desenlilastiklevhalar","8":"product_tag-levhalar","10":"first","11":"instock","12":"shipping-taxable","13":"product-type-simple"},"_links":{"self":[{"href":"https:\/\/ge-fa.com\/en\/wp-json\/wp\/v2\/product\/2546","targetHints":{"allow":["GET"]}}],"collection":[{"href":"https:\/\/ge-fa.com\/en\/wp-json\/wp\/v2\/product"}],"about":[{"href":"https:\/\/ge-fa.com\/en\/wp-json\/wp\/v2\/types\/product"}],"wp:featuredmedia":[{"embeddable":true,"href":"https:\/\/ge-fa.com\/en\/wp-json\/wp\/v2\/media\/1691"}],"wp:attachment":[{"href":"https:\/\/ge-fa.com\/en\/wp-json\/wp\/v2\/media?parent=2546"}],"wp:term":[{"taxonomy":"product_brand","embeddable":true,"href":"https:\/\/ge-fa.com\/en\/wp-json\/wp\/v2\/product_brand?post=2546"},{"taxonomy":"product_cat","embeddable":true,"href":"https:\/\/ge-fa.com\/en\/wp-json\/wp\/v2\/product_cat?post=2546"},{"taxonomy":"product_tag","embeddable":true,"href":"https:\/\/ge-fa.com\/en\/wp-json\/wp\/v2\/product_tag?post=2546"}],"curies":[{"name":"wp","href":"https:\/\/api.w.org\/{rel}","templated":true}]}}