{"id":2542,"date":"2023-10-16T10:54:44","date_gmt":"2023-10-16T10:54:44","guid":{"rendered":"https:\/\/ge-fa.com.tr\/?post_type=product&#038;p=2542"},"modified":"2023-10-16T10:54:45","modified_gmt":"2023-10-16T10:54:45","slug":"ekspensin-conta","status":"publish","type":"product","link":"https:\/\/ge-fa.com\/en\/product\/ekspensin-conta\/","title":{"rendered":"EKSPEN\u015e\u0130N CONTA"},"content":{"rendered":"<p><span style=\"color: #ffffff;\">a<\/span><\/p>","protected":false},"excerpt":{"rendered":"<div class=\"summary entry-summary\">\n<p>Genelde Gemilerde kullan\u0131lan ekspension tanklar\u0131nda kullan\u0131lan Ekspen\u015fin tank contalar\u0131, standart \u00f6l\u00e7\u00fclerinde \u00fcretimini ge\u00e7ekle\u015ftiriyoruz. Standart ekspen\u015fin conta \u00f6l\u00e7\u00fcleri d\u0131\u015f\u0131nda ki contalar\u0131n\u0131z i\u00e7in numunenize ve\/veya teknik \u00f6l\u00e7\u00fclerinize g\u00f6re \u00fcretim yapmaktay\u0131z.<\/p>\n<p>&nbsp;<\/p>\n<\/div>\n<div class=\"d-flex align-items-center\">\n<ul class=\"social-icons social-icons-medium social-icons-clean-with-border social-icons-clean-with-border-border-grey social-icons-clean-with-border-icon-dark mr-3 mb-0\">\n<li class=\"social-icons-facebook\"><\/li>\n<\/ul>\n<\/div>","protected":false},"featured_media":2544,"template":"","meta":[],"product_brand":[],"product_cat":[25],"product_tag":[102,110],"class_list":{"0":"post-2542","1":"product","2":"type-product","3":"status-publish","4":"has-post-thumbnail","6":"product_cat-contalar","7":"product_tag-contalar","8":"product_tag-ekspensinconta","10":"first","11":"instock","12":"shipping-taxable","13":"product-type-simple"},"_links":{"self":[{"href":"https:\/\/ge-fa.com\/en\/wp-json\/wp\/v2\/product\/2542","targetHints":{"allow":["GET"]}}],"collection":[{"href":"https:\/\/ge-fa.com\/en\/wp-json\/wp\/v2\/product"}],"about":[{"href":"https:\/\/ge-fa.com\/en\/wp-json\/wp\/v2\/types\/product"}],"wp:featuredmedia":[{"embeddable":true,"href":"https:\/\/ge-fa.com\/en\/wp-json\/wp\/v2\/media\/2544"}],"wp:attachment":[{"href":"https:\/\/ge-fa.com\/en\/wp-json\/wp\/v2\/media?parent=2542"}],"wp:term":[{"taxonomy":"product_brand","embeddable":true,"href":"https:\/\/ge-fa.com\/en\/wp-json\/wp\/v2\/product_brand?post=2542"},{"taxonomy":"product_cat","embeddable":true,"href":"https:\/\/ge-fa.com\/en\/wp-json\/wp\/v2\/product_cat?post=2542"},{"taxonomy":"product_tag","embeddable":true,"href":"https:\/\/ge-fa.com\/en\/wp-json\/wp\/v2\/product_tag?post=2542"}],"curies":[{"name":"wp","href":"https:\/\/api.w.org\/{rel}","templated":true}]}}