{"id":2540,"date":"2023-10-16T10:45:01","date_gmt":"2023-10-16T10:45:01","guid":{"rendered":"https:\/\/ge-fa.com.tr\/?post_type=product&#038;p=2540"},"modified":"2023-10-16T10:45:03","modified_gmt":"2023-10-16T10:45:03","slug":"saf-grafitli-ici-ringli-contalar","status":"publish","type":"product","link":"https:\/\/ge-fa.com\/en\/product\/saf-grafitli-ici-ringli-contalar\/","title":{"rendered":"SAF GRAF\u0130TL\u0130 \u0130\u00c7\u0130 R\u0130NGL\u0130 CONTALAR"},"content":{"rendered":"<p><span style=\"color: #ffffff;\">a<\/span><\/p>","protected":false},"excerpt":{"rendered":"<p>Saf Grafitli Contalar; i\u00e7i \u00e7ift s\u0131ra perfore edilmi\u015f 316 Paslanmaz \u00c7elik sac takviyeli, saf grafit, paslanmaz i\u00e7 ringi y\u00fcksek performans contalar\u0131d\u0131r.<\/p>\n<p>Gente\u015ftirilmi\u015f saf grafitin hi\u00e7 bir ba\u011flay\u0131c\u0131 veya yap\u0131\u015ft\u0131r\u0131c\u0131 kullanmadan, paslanmaz perfore \u00e7elik sac \u00fczerine preslenmesiyle olu\u015fturulmu\u015ftur.<\/p>\n<p>-240\u00a0oC ile 650\u00a0oC aras\u0131nda erimez ve yanmaz.<br \/>\n350 Bar bas\u0131n\u00e7 dayan\u0131m\u0131na sahiptir.<br \/>\nSertle\u015fmez, k\u0131r\u0131lmaz, so\u011fuk akma yapmaz.<br \/>\nBozuk flan\u015f y\u00fczeylerinde bile bo\u015fluklar\u0131 doldurur.<br \/>\nFlan\u015f y\u00fczeyine yap\u0131\u015fmaz, rahatl\u0131kla temizlenir.<\/p>","protected":false},"featured_media":1710,"template":"","meta":[],"product_brand":[],"product_cat":[25],"product_tag":[102,109],"class_list":{"0":"post-2540","1":"product","2":"type-product","3":"status-publish","4":"has-post-thumbnail","6":"product_cat-contalar","7":"product_tag-contalar","8":"product_tag-safgrafitliiciringlicontalar","10":"first","11":"instock","12":"shipping-taxable","13":"product-type-simple"},"_links":{"self":[{"href":"https:\/\/ge-fa.com\/en\/wp-json\/wp\/v2\/product\/2540","targetHints":{"allow":["GET"]}}],"collection":[{"href":"https:\/\/ge-fa.com\/en\/wp-json\/wp\/v2\/product"}],"about":[{"href":"https:\/\/ge-fa.com\/en\/wp-json\/wp\/v2\/types\/product"}],"wp:featuredmedia":[{"embeddable":true,"href":"https:\/\/ge-fa.com\/en\/wp-json\/wp\/v2\/media\/1710"}],"wp:attachment":[{"href":"https:\/\/ge-fa.com\/en\/wp-json\/wp\/v2\/media?parent=2540"}],"wp:term":[{"taxonomy":"product_brand","embeddable":true,"href":"https:\/\/ge-fa.com\/en\/wp-json\/wp\/v2\/product_brand?post=2540"},{"taxonomy":"product_cat","embeddable":true,"href":"https:\/\/ge-fa.com\/en\/wp-json\/wp\/v2\/product_cat?post=2540"},{"taxonomy":"product_tag","embeddable":true,"href":"https:\/\/ge-fa.com\/en\/wp-json\/wp\/v2\/product_tag?post=2540"}],"curies":[{"name":"wp","href":"https:\/\/api.w.org\/{rel}","templated":true}]}}