{"id":2534,"date":"2023-10-16T10:25:28","date_gmt":"2023-10-16T10:25:28","guid":{"rendered":"https:\/\/ge-fa.com.tr\/?post_type=product&#038;p=2534"},"modified":"2023-12-03T15:54:13","modified_gmt":"2023-12-03T15:54:13","slug":"asbestsiz-klingrit-contalar","status":"publish","type":"product","link":"https:\/\/ge-fa.com\/en\/product\/asbestsiz-klingrit-contalar\/","title":{"rendered":"ASBESTS\u0130Z KL\u0130NGR\u0130T CONTALAR"},"content":{"rendered":"<p><span style=\"color: #ffffff;\">a<\/span><\/p>","protected":false},"excerpt":{"rendered":"<p>Asbetsiz Klingrit Contalar \u00f6zellikle buhar, su s\u0131zd\u0131rmazl\u0131\u011f\u0131 ve gaz sistemlerinde conta malzemesi olarak kullan\u0131l\u0131r. Kullan\u0131m ortam\u0131 s\u0131cakl\u0131\u011f\u0131, bas\u0131nc\u0131 ve temas etti\u011fi kimyasala g\u00f6re uygun klingrit \u00e7e\u015fidi se\u00e7ilmelidir.<\/p>\n<p>Asbestos-free Klingerit record and flange gaskets<br \/>\nHigh heat, chimney and burner seals<br \/>\nSpecially manufactured gasket cutting klingerit varieties<br \/>\nGraphic wire klingerite<br \/>\nAnti-petroleum pure graphite seals<\/p>","protected":false},"featured_media":1665,"template":"","meta":[],"product_brand":[],"product_cat":[25],"product_tag":[107,102],"class_list":{"0":"post-2534","1":"product","2":"type-product","3":"status-publish","4":"has-post-thumbnail","6":"product_cat-contalar","7":"product_tag-asbestsizklingritcontalar","8":"product_tag-contalar","10":"first","11":"instock","12":"shipping-taxable","13":"product-type-simple"},"_links":{"self":[{"href":"https:\/\/ge-fa.com\/en\/wp-json\/wp\/v2\/product\/2534","targetHints":{"allow":["GET"]}}],"collection":[{"href":"https:\/\/ge-fa.com\/en\/wp-json\/wp\/v2\/product"}],"about":[{"href":"https:\/\/ge-fa.com\/en\/wp-json\/wp\/v2\/types\/product"}],"wp:featuredmedia":[{"embeddable":true,"href":"https:\/\/ge-fa.com\/en\/wp-json\/wp\/v2\/media\/1665"}],"wp:attachment":[{"href":"https:\/\/ge-fa.com\/en\/wp-json\/wp\/v2\/media?parent=2534"}],"wp:term":[{"taxonomy":"product_brand","embeddable":true,"href":"https:\/\/ge-fa.com\/en\/wp-json\/wp\/v2\/product_brand?post=2534"},{"taxonomy":"product_cat","embeddable":true,"href":"https:\/\/ge-fa.com\/en\/wp-json\/wp\/v2\/product_cat?post=2534"},{"taxonomy":"product_tag","embeddable":true,"href":"https:\/\/ge-fa.com\/en\/wp-json\/wp\/v2\/product_tag?post=2534"}],"curies":[{"name":"wp","href":"https:\/\/api.w.org\/{rel}","templated":true}]}}