{"id":2522,"date":"2023-10-16T09:42:25","date_gmt":"2023-10-16T09:42:25","guid":{"rendered":"https:\/\/ge-fa.com.tr\/?post_type=product&#038;p=2522"},"modified":"2023-10-16T09:42:26","modified_gmt":"2023-10-16T09:42:26","slug":"lastik-contalar","status":"publish","type":"product","link":"https:\/\/ge-fa.com\/en\/product\/lastik-contalar\/","title":{"rendered":"LAST\u0130K CONTALAR"},"content":{"rendered":"<h3 class=\"font-weight-normal\"> <strong class=\"font-weight-extra-bold\"><\/p>\n<p>TEKN\u0130K B\u0130LG\u0130LER<\/p>\n<p><\/strong><\/h3>\n<p class=\"card-text\">\n<table align=\"left\" class=\"table table-hover table table-striped\"\n cellpadding=\"1\" cellspacing=\"1\" style=\"width:50%\"><\/p>\n<thead>\n<tr>\n<th scope=\"col\" style=\"height:21px; width:75px\">KALINLIK<\/th>\n<th scope=\"col\" style=\"width:75px\">&Ouml;L&Ccedil;&Uuml;(mm)<\/th>\n<th scope=\"col\" style=\"width:75px\">DI\u015e-\u0130&Ccedil; (mm)<\/th>\n<\/tr>\n<\/thead>\n<tbody>\n<tr>\n<td style=\"height:21px\">1\/2&quot;<\/td>\n<td>DN 15<\/td>\n<td>50-22<\/td>\n<\/tr>\n<tr>\n<td style=\"height:21px\">3\/4&quot;<\/td>\n<td>DN 20<\/td>\n<td>60-28<\/td>\n<\/tr>\n<tr>\n<td style=\"height:21px\">1&quot;<\/td>\n<td>DN 25<\/td>\n<td>70-35<\/td>\n<\/tr>\n<tr>\n<td style=\"height:21px\">1 1\/4&quot;<\/td>\n<td>DN 32<\/td>\n<td>82-43<\/td>\n<\/tr>\n<tr>\n<td style=\"height:21px\">1 1\/2&quot;<\/td>\n<td>DN 40<\/td>\n<td>90-49<\/td>\n<\/tr>\n<tr>\n<td style=\"height:21px\">2&quot;<\/td>\n<td>DN 50<\/td>\n<td>107-61<\/td>\n<\/tr>\n<tr>\n<td style=\"height:21px\">2 1\/2&quot;<\/td>\n<td>DN 65<\/td>\n<td>127-77<\/td>\n<\/tr>\n<tr>\n<td style=\"height:21px\">3&quot;<\/td>\n<td>DN 80<\/td>\n<td>142-90<\/td>\n<\/tr>\n<tr>\n<td style=\"height:21px\">4&quot;<\/td>\n<td>DN 100<\/td>\n<td>162-115<\/td>\n<\/tr>\n<tr>\n<td style=\"height:21px\">5&quot;<\/td>\n<td>DN 125<\/td>\n<td>192-141<\/td>\n<\/tr>\n<tr>\n<td style=\"height:21px\">6&quot;<\/td>\n<td>DN 150<\/td>\n<td>218-169<\/td>\n<\/tr>\n<tr>\n<td style=\"height:21px\">8&quot;<\/td>\n<td>DN 200<\/td>\n<td>273-220<\/td>\n<\/tr>\n<tr>\n<td style=\"height:21px\">10&quot;<\/td>\n<td>DN 250<\/td>\n<td>330-274<\/td>\n<\/tr>\n<tr>\n<td style=\"height:21px\">12&quot;<\/td>\n<td>DN 300<\/td>\n<td>385-325<\/td>\n<\/tr>\n<tr>\n<td style=\"height:21px\">14&quot;<\/td>\n<td>DN 350<\/td>\n<td>446-368<\/td>\n<\/tr>\n<tr>\n<td style=\"height:21px\">16&quot;<\/td>\n<td>DN 400<\/td>\n<td>497-420<\/td>\n<\/tr>\n<tr>\n<td style=\"height:21px\">18&quot;<\/td>\n<td>DN 450<\/td>\n<td>557-470<\/td>\n<\/tr>\n<tr>\n<td style=\"height:21px\">20&quot;<\/td>\n<td>DN 500<\/td>\n<td>618-520<\/td>\n<\/tr>\n<tr>\n<td style=\"height:21px\">24&quot;<\/td>\n<td>DN 600<\/td>\n<td>735-620<\/td>\n<\/tr>\n<tr>\n<td style=\"height:21px\">28&quot;<\/td>\n<td>DN 700<\/td>\n<td>805-720<\/td>\n<\/tr>\n<tr>\n<td style=\"height:21px\">32&quot;<\/td>\n<td>DN 800<\/td>\n<td>910-720<\/td>\n<\/tr>\n<tr>\n<td style=\"height:21px\">36&quot;<\/td>\n<td>DN 900<\/td>\n<td>1010-920<\/td>\n<\/tr>\n<\/tbody>\n<\/table>","protected":false},"excerpt":{"rendered":"<p>Lastik contalar tak\u0131ld\u0131klar\u0131 yerlere g\u00f6re de\u011fi\u015fik ebat ve \u00f6zelliklerde olurlar. Lastik Contalar s\u0131zd\u0131rmazl\u0131k ve izolasyon sa\u011flamak i\u00e7in kullan\u0131l\u0131rlar. Ayr\u0131ca contalar ba\u011fland\u0131\u011f\u0131 yerdeki ak\u0131\u015fkan\u0131n s\u0131cakl\u0131k ve bas\u0131nc\u0131na g\u00f6re se\u00e7ilir. Lastik Contalar farkl\u0131 kullan\u0131m alanlar\u0131 i\u00e7in farkl\u0131 kau\u00e7uk malzemelerden ve \u00f6l\u00e7\u00fclerde \u00fcretilebilir.<\/p>\n<p>Lastik Contalar\u0131n malzeme bilgileri ve \u00f6l\u00e7\u00fcleri i\u00e7in ileti\u015fime ge\u00e7ebilirsiniz. \u0130stedi\u011finiz \u00f6l\u00e7\u00fclerde ve kau\u00e7uk malzemelerden \u00fcretim yapabiliriz.<\/p>","protected":false},"featured_media":1661,"template":"","meta":[],"product_brand":[],"product_cat":[25],"product_tag":[102,103],"class_list":{"0":"post-2522","1":"product","2":"type-product","3":"status-publish","4":"has-post-thumbnail","6":"product_cat-contalar","7":"product_tag-contalar","8":"product_tag-lastikcontalar","10":"first","11":"instock","12":"shipping-taxable","13":"product-type-simple"},"_links":{"self":[{"href":"https:\/\/ge-fa.com\/en\/wp-json\/wp\/v2\/product\/2522","targetHints":{"allow":["GET"]}}],"collection":[{"href":"https:\/\/ge-fa.com\/en\/wp-json\/wp\/v2\/product"}],"about":[{"href":"https:\/\/ge-fa.com\/en\/wp-json\/wp\/v2\/types\/product"}],"wp:featuredmedia":[{"embeddable":true,"href":"https:\/\/ge-fa.com\/en\/wp-json\/wp\/v2\/media\/1661"}],"wp:attachment":[{"href":"https:\/\/ge-fa.com\/en\/wp-json\/wp\/v2\/media?parent=2522"}],"wp:term":[{"taxonomy":"product_brand","embeddable":true,"href":"https:\/\/ge-fa.com\/en\/wp-json\/wp\/v2\/product_brand?post=2522"},{"taxonomy":"product_cat","embeddable":true,"href":"https:\/\/ge-fa.com\/en\/wp-json\/wp\/v2\/product_cat?post=2522"},{"taxonomy":"product_tag","embeddable":true,"href":"https:\/\/ge-fa.com\/en\/wp-json\/wp\/v2\/product_tag?post=2522"}],"curies":[{"name":"wp","href":"https:\/\/api.w.org\/{rel}","templated":true}]}}