{"id":2482,"date":"2023-10-12T10:48:34","date_gmt":"2023-10-12T10:48:34","guid":{"rendered":"https:\/\/ge-fa.com.tr\/?post_type=product&#038;p=2482"},"modified":"2023-10-12T10:48:34","modified_gmt":"2023-10-12T10:48:34","slug":"o-ring-fitil-25mm-gf-lp-52","status":"publish","type":"product","link":"https:\/\/ge-fa.com\/en\/product\/o-ring-fitil-25mm-gf-lp-52\/","title":{"rendered":"O-R\u0130NG F\u0130T\u0130L 2,5mm &#8211; GF-LP-52"},"content":{"rendered":"<p><span style=\"color: #ffffff;\">a<\/span><\/p>","protected":false},"excerpt":{"rendered":"<p>O-ringler basit, kullan\u0131m\u0131-montaj\u0131 kolay ve ucuz s\u0131zd\u0131rmazl\u0131k elemanlar\u0131d\u0131r. O-ringler bu \u00f6zelliklerinden dolay\u0131 hidrolik, pn\u00f6matik, \u00e7e\u015fitli s\u0131v\u0131 ve gaz sistemlerinde yayg\u0131n olarak kullan\u0131lmaktad\u0131rlar. O-ringler uzay, havac\u0131l\u0131k, t\u0131bbi teknolojiler gibi kritik alanlar ba\u015fta olmak \u00fczere hemen hemen t\u00fcm sekt\u00f6rlerde geni\u015f bir uygulama alan\u0131na sahiptirler. O-ringler uygun \u00e7al\u0131\u015fma ortam\u0131 ve malzeme sa\u011fland\u0131\u011f\u0131 taktirde hem statik hem de dinamik uygulamalarda kullan\u0131labilirler.<\/p>\n<p>O-ringler di\u011fer s\u0131zd\u0131rmazl\u0131k elemanlar\u0131na g\u00f6re daha az yer kaplad\u0131klar\u0131ndan ve her iki y\u00f6nl\u00fc de s\u0131zd\u0131rmazl\u0131k sa\u011flad\u0131klar\u0131ndan dizayn\u0131 kolayla\u015ft\u0131rlar. Montaj hatalar\u0131na kar\u015f\u0131 d\u00fc\u015f\u00fck risk ta\u015f\u0131rlar. O ring uygulamalar\u0131ndan iyi sonu\u00e7 almak i\u00e7in; uygun \u00f6l\u00e7\u00fclendirme ve do\u011fru malzeme secimi yap\u0131lmal\u0131 ve metal par\u00e7alar\u0131n y\u00fczey kalitesinin uygun olmas\u0131 gerekmektedir. O-ringlerin montaj yap\u0131lacaklar\u0131 y\u00fczey ve kanallar\u0131n i\u015flenmesi kolayd\u0131r. Di\u011fer s\u0131zd\u0131rmazl\u0131k elemanlar\u0131na g\u00f6re o-ringlerin daha kaba i\u015flenmi\u015f y\u00fczeylerde kullan\u0131labilme olanaklar\u0131 vard\u0131r.<\/p>\n<p><strong><em>O-ringler fitil olarak de\u011fi\u015fik \u00e7aplarda \u00fcretimi firmam\u0131z b\u00fcnyesinde m\u00fcmk\u00fcnd\u00fcr.\u00a0 \u00d6l\u00e7\u00fc listesi i\u00e7in ileti\u015fime ge\u00e7ebilirsiniz.<\/em><\/strong><\/p>\n<p><strong><em>Fitil O-ringler NBR, Epdm, Viton, Silikon olarak \u00fcretilebilirler.<\/em><\/strong><\/p>","protected":false},"featured_media":1790,"template":"","meta":[],"product_brand":[],"product_cat":[69,24],"product_tag":[91,92],"class_list":{"0":"post-2482","1":"product","2":"type-product","3":"status-publish","4":"has-post-thumbnail","6":"product_cat-o-tipi-lastik-profil-fitil","7":"product_cat-lastik-profil-fitiller","8":"product_tag-lastikprofilfitiller","9":"product_tag-o-ringfitil","11":"first","12":"instock","13":"shipping-taxable","14":"product-type-simple"},"_links":{"self":[{"href":"https:\/\/ge-fa.com\/en\/wp-json\/wp\/v2\/product\/2482","targetHints":{"allow":["GET"]}}],"collection":[{"href":"https:\/\/ge-fa.com\/en\/wp-json\/wp\/v2\/product"}],"about":[{"href":"https:\/\/ge-fa.com\/en\/wp-json\/wp\/v2\/types\/product"}],"wp:featuredmedia":[{"embeddable":true,"href":"https:\/\/ge-fa.com\/en\/wp-json\/wp\/v2\/media\/1790"}],"wp:attachment":[{"href":"https:\/\/ge-fa.com\/en\/wp-json\/wp\/v2\/media?parent=2482"}],"wp:term":[{"taxonomy":"product_brand","embeddable":true,"href":"https:\/\/ge-fa.com\/en\/wp-json\/wp\/v2\/product_brand?post=2482"},{"taxonomy":"product_cat","embeddable":true,"href":"https:\/\/ge-fa.com\/en\/wp-json\/wp\/v2\/product_cat?post=2482"},{"taxonomy":"product_tag","embeddable":true,"href":"https:\/\/ge-fa.com\/en\/wp-json\/wp\/v2\/product_tag?post=2482"}],"curies":[{"name":"wp","href":"https:\/\/api.w.org\/{rel}","templated":true}]}}