{"id":2451,"date":"2023-10-11T10:36:22","date_gmt":"2023-10-11T10:36:22","guid":{"rendered":"https:\/\/ge-fa.com.tr\/?post_type=product&#038;p=2451"},"modified":"2023-10-11T10:36:41","modified_gmt":"2023-10-11T10:36:41","slug":"plakali-esanjor-contasi-ec-10","status":"publish","type":"product","link":"https:\/\/ge-fa.com\/en\/product\/plakali-esanjor-contasi-ec-10\/","title":{"rendered":"Plakal\u0131 E\u015fanj\u00f6r Contas\u0131 \u2013 EC 10"},"content":{"rendered":"<p><span style=\"color: #ffffff;\">a<\/span><\/p>","protected":false},"excerpt":{"rendered":"<p>Plakal\u0131 Is\u0131 E\u015fanj\u00f6rlerinde en \u00f6nemli par\u00e7alardan biri\u00a0<strong>Plakal\u0131 E\u015fanj\u00f6r Contalar\u0131<\/strong>d\u0131r.<\/p>\n<p>Do\u011fru plakal\u0131 \u0131s\u0131 contas\u0131 se\u00e7mek \u00f6nemlidir.\u00a0<strong>Plakal\u0131 e\u015fanj\u00f6r conta<\/strong>\u00a0malzemeleri, e\u015fanj\u00f6r\u00fcn \u00e7al\u0131\u015fma \u015fartlar\u0131na g\u00f6re se\u00e7ilir. Plakal\u0131 \u0131s\u0131 e\u015fanj\u00f6r\u00fcnde Kau\u00e7uk Contan\u0131n g\u00f6revi; s\u0131zd\u0131rmazl\u0131k sa\u011flamak e\u015fanj\u00f6r plakalar\u0131 aras\u0131nda ak\u0131\u015fkan ge\u00e7i\u015flerini engellemektir. Kullan\u0131lan E\u015fanj\u00f6r Conas\u0131n\u0131n bu hayatt\u0131 g\u00f6revi yerine getirmesi do\u011fru malzemeden, do\u011fru \u00f6l\u00e7\u00fcde E\u015fanj\u00f6r Contas\u0131 kullanmaktan ge\u00e7er.<\/p>\n<p>Plakal\u0131 Is\u0131 E\u015fanj\u00f6rlerinde yayg\u0131n olarak kullan\u0131lan e\u015fanj\u00f6r conta malzemeleri;<\/p>\n<ul>\n<li>NBR<\/li>\n<li>EPDM<\/li>\n<li>VITON<\/li>\n<\/ul>\n<p><em>E\u015fanj\u00f6r Plakan\u0131za Uygun E\u015fanj\u00f6r Contas\u0131 i\u00e7in ileti\u015fime ge\u00e7ebilirsiniz.<\/em><\/p>","protected":false},"featured_media":1823,"template":"","meta":[],"product_brand":[],"product_cat":[23],"product_tag":[89],"class_list":{"0":"post-2451","1":"product","2":"type-product","3":"status-publish","4":"has-post-thumbnail","6":"product_cat-plakali-esanjor-contalari","7":"product_tag-plakaliesanjorcontasi","9":"first","10":"instock","11":"shipping-taxable","12":"product-type-simple"},"_links":{"self":[{"href":"https:\/\/ge-fa.com\/en\/wp-json\/wp\/v2\/product\/2451","targetHints":{"allow":["GET"]}}],"collection":[{"href":"https:\/\/ge-fa.com\/en\/wp-json\/wp\/v2\/product"}],"about":[{"href":"https:\/\/ge-fa.com\/en\/wp-json\/wp\/v2\/types\/product"}],"wp:featuredmedia":[{"embeddable":true,"href":"https:\/\/ge-fa.com\/en\/wp-json\/wp\/v2\/media\/1823"}],"wp:attachment":[{"href":"https:\/\/ge-fa.com\/en\/wp-json\/wp\/v2\/media?parent=2451"}],"wp:term":[{"taxonomy":"product_brand","embeddable":true,"href":"https:\/\/ge-fa.com\/en\/wp-json\/wp\/v2\/product_brand?post=2451"},{"taxonomy":"product_cat","embeddable":true,"href":"https:\/\/ge-fa.com\/en\/wp-json\/wp\/v2\/product_cat?post=2451"},{"taxonomy":"product_tag","embeddable":true,"href":"https:\/\/ge-fa.com\/en\/wp-json\/wp\/v2\/product_tag?post=2451"}],"curies":[{"name":"wp","href":"https:\/\/api.w.org\/{rel}","templated":true}]}}