{"id":2436,"date":"2023-10-10T10:07:00","date_gmt":"2023-10-10T10:07:00","guid":{"rendered":"https:\/\/ge-fa.com.tr\/?post_type=product&#038;p=2436"},"modified":"2023-10-16T11:02:08","modified_gmt":"2023-10-16T11:02:08","slug":"gemi-menhol-contasi","status":"publish","type":"product","link":"https:\/\/ge-fa.com\/en\/product\/gemi-menhol-contasi\/","title":{"rendered":"GEM\u0130 MENHOL CONTASI"},"content":{"rendered":"<p><span style=\"color: #ffffff;\">a<\/span><\/p>","protected":false},"excerpt":{"rendered":"<p><strong>Gemi Menhol Tank Kapak Contalar\u0131<\/strong>\u00a0a\u015f\u0131nma, y\u0131rt\u0131lma, kopma direnci y\u00fcksek tabii kau\u00e7uk veya nitril kau\u00e7uk malzemeden imal edilir.<\/p>\n<p>Menhol contas\u0131 teknik \u00e7izimi veya numunesine g\u00f6re \u00fcretimi yap\u0131labilir.<\/p>\n<p>Menhol contalar\u0131 ya\u011f-su-korozyona kar\u015f\u0131 mukavemetlidir. Standart d\u0131\u015f\u0131 ebatlar i\u00e7in \u00e7abuk ve g\u00fcvenilir modelleme yap\u0131l\u0131r.<\/p>","protected":false},"featured_media":1651,"template":"","meta":[],"product_brand":[],"product_cat":[25,22],"product_tag":[88,71],"class_list":{"0":"post-2436","1":"product","2":"type-product","3":"status-publish","4":"has-post-thumbnail","6":"product_cat-contalar","7":"product_cat-gemi-sektoru","8":"product_tag-gemimenholcantasi","9":"product_tag-gemisektoru","11":"first","12":"instock","13":"shipping-taxable","14":"product-type-simple"},"_links":{"self":[{"href":"https:\/\/ge-fa.com\/en\/wp-json\/wp\/v2\/product\/2436","targetHints":{"allow":["GET"]}}],"collection":[{"href":"https:\/\/ge-fa.com\/en\/wp-json\/wp\/v2\/product"}],"about":[{"href":"https:\/\/ge-fa.com\/en\/wp-json\/wp\/v2\/types\/product"}],"wp:featuredmedia":[{"embeddable":true,"href":"https:\/\/ge-fa.com\/en\/wp-json\/wp\/v2\/media\/1651"}],"wp:attachment":[{"href":"https:\/\/ge-fa.com\/en\/wp-json\/wp\/v2\/media?parent=2436"}],"wp:term":[{"taxonomy":"product_brand","embeddable":true,"href":"https:\/\/ge-fa.com\/en\/wp-json\/wp\/v2\/product_brand?post=2436"},{"taxonomy":"product_cat","embeddable":true,"href":"https:\/\/ge-fa.com\/en\/wp-json\/wp\/v2\/product_cat?post=2436"},{"taxonomy":"product_tag","embeddable":true,"href":"https:\/\/ge-fa.com\/en\/wp-json\/wp\/v2\/product_tag?post=2436"}],"curies":[{"name":"wp","href":"https:\/\/api.w.org\/{rel}","templated":true}]}}