{"id":2435,"date":"2023-10-10T10:00:36","date_gmt":"2023-10-10T10:00:36","guid":{"rendered":"https:\/\/ge-fa.com.tr\/?post_type=product&#038;p=2435"},"modified":"2023-10-10T10:00:36","modified_gmt":"2023-10-10T10:00:36","slug":"tank-kapak-salmastralari","status":"publish","type":"product","link":"https:\/\/ge-fa.com\/en\/product\/tank-kapak-salmastralari\/","title":{"rendered":"TANK KAPAK SALMASTRALARI"},"content":{"rendered":"<p><span style=\"color: #ffffff;\">a<\/span><\/p>","protected":false},"excerpt":{"rendered":"<p><strong>Tank Kapak Salmastralar\u0131,<\/strong>\u00a0(Ambar Kapak Salmastralar\u0131)\u00a0 \u0130\u00e7 k\u0131sm\u0131 istenilen \u00f6l\u00e7\u00fcye g\u00f6re EPM ve Nitril fitil oring \u00fczerine cam elyaf ip \u00f6zel ya\u011flarla \u00f6r\u00fclerek, son kat PTFE iplik ile kuvvetlendirilir. Kimyasal gazlar, petrol \u00fcr\u00fcnleri ve ak\u0131\u015fkanlarda s\u0131zd\u0131rmazl\u0131k sa\u011flayarak, esnek yap\u0131ya sahip olmas\u0131 nedeniyle de kapaklarda conta i\u015flevi g\u00f6r\u00fcr.<\/p>\n<p><strong>Uygulama Alanlar\u0131<\/strong><\/p>\n<ul>\n<li>Tank Kapaklar\u0131nda<\/li>\n<li>Tankerlerde<\/li>\n<li>Rafinerilerde<\/li>\n<li>Dolum tesislerinde<\/li>\n<li>Gemi ambar kapaklar\u0131nda<\/li>\n<\/ul>","protected":false},"featured_media":1638,"template":"","meta":[],"product_brand":[],"product_cat":[22],"product_tag":[71,87],"class_list":{"0":"post-2435","1":"product","2":"type-product","3":"status-publish","4":"has-post-thumbnail","6":"product_cat-gemi-sektoru","7":"product_tag-gemisektoru","8":"product_tag-tankkapaksalmastralari","10":"first","11":"instock","12":"shipping-taxable","13":"product-type-simple"},"_links":{"self":[{"href":"https:\/\/ge-fa.com\/en\/wp-json\/wp\/v2\/product\/2435","targetHints":{"allow":["GET"]}}],"collection":[{"href":"https:\/\/ge-fa.com\/en\/wp-json\/wp\/v2\/product"}],"about":[{"href":"https:\/\/ge-fa.com\/en\/wp-json\/wp\/v2\/types\/product"}],"wp:featuredmedia":[{"embeddable":true,"href":"https:\/\/ge-fa.com\/en\/wp-json\/wp\/v2\/media\/1638"}],"wp:attachment":[{"href":"https:\/\/ge-fa.com\/en\/wp-json\/wp\/v2\/media?parent=2435"}],"wp:term":[{"taxonomy":"product_brand","embeddable":true,"href":"https:\/\/ge-fa.com\/en\/wp-json\/wp\/v2\/product_brand?post=2435"},{"taxonomy":"product_cat","embeddable":true,"href":"https:\/\/ge-fa.com\/en\/wp-json\/wp\/v2\/product_cat?post=2435"},{"taxonomy":"product_tag","embeddable":true,"href":"https:\/\/ge-fa.com\/en\/wp-json\/wp\/v2\/product_tag?post=2435"}],"curies":[{"name":"wp","href":"https:\/\/api.w.org\/{rel}","templated":true}]}}