{"id":2430,"date":"2023-10-10T09:53:01","date_gmt":"2023-10-10T09:53:01","guid":{"rendered":"https:\/\/ge-fa.com.tr\/?post_type=product&#038;p=2430"},"modified":"2023-10-10T09:57:32","modified_gmt":"2023-10-10T09:57:32","slug":"su-dreyni","status":"publish","type":"product","link":"https:\/\/ge-fa.com\/en\/product\/su-dreyni\/","title":{"rendered":"SU DREYN\u0130"},"content":{"rendered":"<p><span style=\"color: #ffffff;\">a<\/span><\/p>","protected":false},"excerpt":{"rendered":"<p>Su dreynleri hava sirk\u00fclasyonunu sa\u011flamak ama\u00e7\u0131 ile kullan\u0131l\u0131r. Gemilerde kapal\u0131 alanlar\u0131n hava sirk\u00fclasyonunun yap\u0131lmas\u0131 gerekmektedir. Hava sirk\u00fclasyonu sa\u011flan\u0131rken ayn\u0131 zamanda su s\u0131zd\u0131rmazl\u0131k sa\u011flanmal\u0131d\u0131r. Bunun i\u00e7in giri\u015f b\u00f6l\u00fcm\u00fc hava ge\u00e7iren ancak giri\u015f b\u00f6lmesine su doldu\u011fu zaman \u015famad\u0131ra yard\u0131m\u0131 ile giri\u015f b\u00f6l\u00fcm\u00fc kapanan su dreynleri kullan\u0131l\u0131r. Bu sistem ile hava giri\u015f \u00e7\u0131k\u0131\u015flar\u0131 sa\u011flan\u0131rken su geldi\u011finde giri\u015fler kapanmaktad\u0131r.<\/p>\n<p>Su dreyni modelleri kendi \u00fcretimimizdir. Stoklu olarak elimize mevcuttur.<\/p>","protected":false},"featured_media":1765,"template":"","meta":[],"product_brand":[],"product_cat":[22],"product_tag":[71],"class_list":{"0":"post-2430","1":"product","2":"type-product","3":"status-publish","4":"has-post-thumbnail","6":"product_cat-gemi-sektoru","7":"product_tag-gemisektoru","9":"first","10":"instock","11":"shipping-taxable","12":"product-type-simple"},"_links":{"self":[{"href":"https:\/\/ge-fa.com\/en\/wp-json\/wp\/v2\/product\/2430","targetHints":{"allow":["GET"]}}],"collection":[{"href":"https:\/\/ge-fa.com\/en\/wp-json\/wp\/v2\/product"}],"about":[{"href":"https:\/\/ge-fa.com\/en\/wp-json\/wp\/v2\/types\/product"}],"wp:featuredmedia":[{"embeddable":true,"href":"https:\/\/ge-fa.com\/en\/wp-json\/wp\/v2\/media\/1765"}],"wp:attachment":[{"href":"https:\/\/ge-fa.com\/en\/wp-json\/wp\/v2\/media?parent=2430"}],"wp:term":[{"taxonomy":"product_brand","embeddable":true,"href":"https:\/\/ge-fa.com\/en\/wp-json\/wp\/v2\/product_brand?post=2430"},{"taxonomy":"product_cat","embeddable":true,"href":"https:\/\/ge-fa.com\/en\/wp-json\/wp\/v2\/product_cat?post=2430"},{"taxonomy":"product_tag","embeddable":true,"href":"https:\/\/ge-fa.com\/en\/wp-json\/wp\/v2\/product_tag?post=2430"}],"curies":[{"name":"wp","href":"https:\/\/api.w.org\/{rel}","templated":true}]}}