{"id":2218,"date":"2023-10-05T06:47:57","date_gmt":"2023-10-05T06:47:57","guid":{"rendered":"https:\/\/ge-fa.com.tr\/?post_type=product&#038;p=2218"},"modified":"2023-10-05T08:57:18","modified_gmt":"2023-10-05T08:57:18","slug":"sunger-profil-lastikleri","status":"publish","type":"product","link":"https:\/\/ge-fa.com\/en\/product\/sunger-profil-lastikleri\/","title":{"rendered":"SPONGE PROFILE TIRES"},"content":{"rendered":"<h3 class=\"font-weight-normal\"><strong class=\"font-weight-extra-bold\">TEKN\u0130K B\u0130LG\u0130LER<\/strong><\/h3>\n<table class=\"table table-hover table table-striped\" style=\"width: 45%;\" cellspacing=\"0\" cellpadding=\"0\" align=\"left\">\n<thead>\n<tr>\n<th style=\"height: 48px; width: 123px;\" scope=\"col\">Cross-Sectional Dimension (mm)<\/th>\n<th style=\"width: 48px;\" scope=\"col\">Sizes<\/th>\n<\/tr>\n<\/thead>\n<tbody>\n<tr>\n<td style=\"height: 22px; width: 123px;\">5&#215;10<\/td>\n<td style=\"width: 48px;\">10mt<\/td>\n<\/tr>\n<tr>\n<td style=\"height: 22px; width: 123px;\">5&#215;15<\/td>\n<td style=\"width: 48px;\">10mt<\/td>\n<\/tr>\n<tr>\n<td style=\"height: 22px; width: 123px;\">5&#215;20<\/td>\n<td style=\"width: 48px;\">10mt<\/td>\n<\/tr>\n<tr>\n<td style=\"height: 22px; width: 123px;\">5&#215;25<\/td>\n<td style=\"width: 48px;\">10mt<\/td>\n<\/tr>\n<tr>\n<td style=\"height: 22px; width: 123px;\">5&#215;30<\/td>\n<td style=\"width: 48px;\">10mt<\/td>\n<\/tr>\n<tr>\n<td style=\"height: 22px; width: 123px;\">5&#215;40<\/td>\n<td style=\"width: 48px;\">10mt<\/td>\n<\/tr>\n<tr>\n<td style=\"height: 22px; width: 123px;\">5&#215;50<\/td>\n<td style=\"width: 48px;\">10mt<\/td>\n<\/tr>\n<tr>\n<td style=\"height: 22px; width: 123px;\">5&#215;60<\/td>\n<td style=\"width: 48px;\">10mt<\/td>\n<\/tr>\n<tr>\n<td style=\"height: 22px; width: 123px;\">5&#215;70<\/td>\n<td style=\"width: 48px;\">10mt<\/td>\n<\/tr>\n<tr>\n<td style=\"height: 22px; width: 123px;\">5&#215;80<\/td>\n<td style=\"width: 48px;\">10mt<\/td>\n<\/tr>\n<tr>\n<td style=\"height: 22px; width: 123px;\">5&#215;90<\/td>\n<td style=\"width: 48px;\">10mt<\/td>\n<\/tr>\n<tr>\n<td style=\"height: 22px; width: 123px;\">5&#215;100<\/td>\n<td style=\"width: 48px;\">10mt<\/td>\n<\/tr>\n<tr>\n<td style=\"height: 22px; width: 123px;\" colspan=\"2\"><\/td>\n<\/tr>\n<tr>\n<td style=\"height: 22px; width: 123px;\">10&#215;10<\/td>\n<td style=\"width: 48px;\">10mt<\/td>\n<\/tr>\n<tr>\n<td style=\"height: 22px; width: 123px;\">10&#215;15<\/td>\n<td style=\"width: 48px;\">10mt<\/td>\n<\/tr>\n<tr>\n<td style=\"height: 22px; width: 123px;\">10&#215;20<\/td>\n<td style=\"width: 48px;\">10mt<\/td>\n<\/tr>\n<tr>\n<td style=\"height: 22px; width: 123px;\">10&#215;25<\/td>\n<td style=\"width: 48px;\">10mt<\/td>\n<\/tr>\n<tr>\n<td style=\"height: 22px; width: 123px;\">10&#215;30<\/td>\n<td style=\"width: 48px;\">10mt<\/td>\n<\/tr>\n<tr>\n<td style=\"height: 22px; width: 123px;\">10&#215;40<\/td>\n<td style=\"width: 48px;\">10mt<\/td>\n<\/tr>\n<tr>\n<td style=\"height: 22px; width: 123px;\">10&#215;50<\/td>\n<td style=\"width: 48px;\">10mt<\/td>\n<\/tr>\n<tr>\n<td style=\"height: 22px; width: 123px;\">10&#215;60<\/td>\n<td style=\"width: 48px;\">10mt<\/td>\n<\/tr>\n<tr>\n<td style=\"height: 22px; width: 123px;\">10&#215;70<\/td>\n<td style=\"width: 48px;\">10mt<\/td>\n<\/tr>\n<tr>\n<td style=\"height: 22px; width: 123px;\">10&#215;80<\/td>\n<td style=\"width: 48px;\">10mt<\/td>\n<\/tr>\n<tr>\n<td style=\"height: 22px; width: 123px;\">10&#215;90<\/td>\n<td style=\"width: 48px;\">10mt<\/td>\n<\/tr>\n<tr>\n<td style=\"height: 22px; width: 123px;\">10&#215;100<\/td>\n<td style=\"width: 48px;\">10mt<\/td>\n<\/tr>\n<tr>\n<td style=\"height: 22px; width: 123px;\">15&#215;15<\/td>\n<td style=\"width: 48px;\">10mt<\/td>\n<\/tr>\n<tr>\n<td style=\"height: 22px; width: 123px;\">15&#215;20<\/td>\n<td style=\"width: 48px;\">10mt<\/td>\n<\/tr>\n<tr>\n<td style=\"height: 22px; width: 123px;\">15&#215;25<\/td>\n<td style=\"width: 48px;\">10mt<\/td>\n<\/tr>\n<tr>\n<td style=\"height: 22px; width: 123px;\">15&#215;30<\/td>\n<td style=\"width: 48px;\">10mt<\/td>\n<\/tr>\n<\/tbody>\n<\/table>\n<table class=\"table table-hover table table-striped\" style=\"width: 45%;\" cellspacing=\"0\" cellpadding=\"0\" align=\"right\">\n<thead>\n<tr>\n<th style=\"height: 48px; width: 123px;\" scope=\"col\">Cross-Sectional Dimension (mm)<\/th>\n<th style=\"width: 48px;\" scope=\"col\">Sizes<\/th>\n<\/tr>\n<\/thead>\n<tbody>\n<tr>\n<td style=\"height: 22px; width: 123px;\">15&#215;35<\/td>\n<td style=\"width: 48px;\">10mt<\/td>\n<\/tr>\n<tr>\n<td style=\"height: 22px; width: 123px;\">15&#215;40<\/td>\n<td style=\"width: 48px;\">10mt<\/td>\n<\/tr>\n<tr>\n<td style=\"height: 22px; width: 123px;\">15&#215;45<\/td>\n<td style=\"width: 48px;\">10mt<\/td>\n<\/tr>\n<tr>\n<td style=\"height: 22px; width: 123px;\">15&#215;50<\/td>\n<td style=\"width: 48px;\">10mt<\/td>\n<\/tr>\n<tr>\n<td style=\"height: 22px; width: 123px;\">15&#215;60<\/td>\n<td style=\"width: 48px;\">10mt<\/td>\n<\/tr>\n<tr>\n<td style=\"height: 22px; width: 123px;\" colspan=\"2\"><\/td>\n<\/tr>\n<tr>\n<td style=\"height: 22px; width: 123px;\">20&#215;20<\/td>\n<td style=\"width: 48px;\">10mt<\/td>\n<\/tr>\n<tr>\n<td style=\"height: 22px; width: 123px;\">20&#215;25<\/td>\n<td style=\"width: 48px;\">10mt<\/td>\n<\/tr>\n<tr>\n<td style=\"height: 22px; width: 123px;\">20&#215;30<\/td>\n<td style=\"width: 48px;\">10mt<\/td>\n<\/tr>\n<tr>\n<td style=\"height: 22px; width: 123px;\">20&#215;35<\/td>\n<td style=\"width: 48px;\">10mt<\/td>\n<\/tr>\n<tr>\n<td style=\"height: 22px; width: 123px;\">20&#215;40<\/td>\n<td style=\"width: 48px;\">10mt<\/td>\n<\/tr>\n<tr>\n<td style=\"height: 22px; width: 123px;\">20&#215;45<\/td>\n<td style=\"width: 48px;\">10mt<\/td>\n<\/tr>\n<tr>\n<td style=\"height: 22px; width: 123px;\">20&#215;50<\/td>\n<td style=\"width: 48px;\">10mt<\/td>\n<\/tr>\n<tr>\n<td style=\"height: 22px; width: 123px;\" colspan=\"2\"><\/td>\n<\/tr>\n<tr>\n<td style=\"height: 22px; width: 123px;\">25&#215;25<\/td>\n<td style=\"width: 48px;\">10mt<\/td>\n<\/tr>\n<tr>\n<td style=\"height: 22px; width: 123px;\">25&#215;30<\/td>\n<td style=\"width: 48px;\">10mt<\/td>\n<\/tr>\n<tr>\n<td style=\"height: 22px; width: 123px;\">25&#215;35<\/td>\n<td style=\"width: 48px;\">10mt<\/td>\n<\/tr>\n<tr>\n<td style=\"height: 22px; width: 123px;\">25&#215;40<\/td>\n<td style=\"width: 48px;\">10mt<\/td>\n<\/tr>\n<tr>\n<td style=\"height: 22px; width: 123px;\">25&#215;45<\/td>\n<td style=\"width: 48px;\">10mt<\/td>\n<\/tr>\n<tr>\n<td style=\"height: 22px; width: 123px;\">25&#215;50<\/td>\n<td style=\"width: 48px;\">10mt<\/td>\n<\/tr>\n<tr>\n<td style=\"height: 22px; width: 123px;\" colspan=\"2\"><\/td>\n<\/tr>\n<tr>\n<td style=\"height: 22px; width: 123px;\">30&#215;30<\/td>\n<td style=\"width: 48px;\">10mt<\/td>\n<\/tr>\n<tr>\n<td style=\"height: 22px; width: 123px;\">30&#215;35<\/td>\n<td style=\"width: 48px;\">10mt<\/td>\n<\/tr>\n<tr>\n<td style=\"height: 22px; width: 123px;\">30&#215;40<\/td>\n<td style=\"width: 48px;\">10mt<\/td>\n<\/tr>\n<tr>\n<td style=\"height: 22px; width: 123px;\">30&#215;50<\/td>\n<td style=\"width: 48px;\">10mt<\/td>\n<\/tr>\n<tr>\n<td style=\"height: 22px; width: 123px;\" colspan=\"2\"><\/td>\n<\/tr>\n<tr>\n<td style=\"height: 22px; width: 123px;\">40&#215;40<\/td>\n<td style=\"width: 48px;\">10mt<\/td>\n<\/tr>\n<tr>\n<td style=\"height: 22px; width: 123px;\">40&#215;50<\/td>\n<td style=\"width: 48px;\">10mt<\/td>\n<\/tr>\n<tr>\n<td style=\"height: 22px; width: 123px;\">50&#215;50<\/td>\n<td style=\"width: 48px;\">10mt<\/td>\n<\/tr>\n<\/tbody>\n<\/table>","protected":false},"excerpt":{"rendered":"<p>SPONGE PROFILE TIRES<\/p>\n<p>Sponge profiles prevent water, dust, and noise from entering indoor spaces in all types of door and lid applications. Rectangular, square, and complex-shaped sponge profiles are shaped from soft materials with high resistance to deformation and produced by vulcanization in ovens. Rubber sponge profiles are used for sealing purposes and are manufactured according to dust and weather conditions.<\/p>\n<p>It is particularly common in the transportation sector due to its resistance to seawater and ozone on ships. In addition, it is also used in the construction, automotive, machinery, and white goods industries.<\/p>\n<p>The standard lengths are 10 meters, but production can be done in custom dimensions and sizes upon request. Please refer to the table below for sponge profile measurements.<\/p>","protected":false},"featured_media":1601,"template":"","meta":[],"product_brand":[],"product_cat":[39],"product_tag":[73,74,75],"class_list":{"0":"post-2218","1":"product","2":"type-product","3":"status-publish","4":"has-post-thumbnail","6":"product_cat-kaporta-kapi-lastikleri","7":"product_tag-gemiambarkapaklastikleri","8":"product_tag-kaportavekapilastikleri","9":"product_tag-sungerprofillastikleri","11":"first","12":"instock","13":"shipping-taxable","14":"product-type-simple"},"_links":{"self":[{"href":"https:\/\/ge-fa.com\/en\/wp-json\/wp\/v2\/product\/2218","targetHints":{"allow":["GET"]}}],"collection":[{"href":"https:\/\/ge-fa.com\/en\/wp-json\/wp\/v2\/product"}],"about":[{"href":"https:\/\/ge-fa.com\/en\/wp-json\/wp\/v2\/types\/product"}],"wp:featuredmedia":[{"embeddable":true,"href":"https:\/\/ge-fa.com\/en\/wp-json\/wp\/v2\/media\/1601"}],"wp:attachment":[{"href":"https:\/\/ge-fa.com\/en\/wp-json\/wp\/v2\/media?parent=2218"}],"wp:term":[{"taxonomy":"product_brand","embeddable":true,"href":"https:\/\/ge-fa.com\/en\/wp-json\/wp\/v2\/product_brand?post=2218"},{"taxonomy":"product_cat","embeddable":true,"href":"https:\/\/ge-fa.com\/en\/wp-json\/wp\/v2\/product_cat?post=2218"},{"taxonomy":"product_tag","embeddable":true,"href":"https:\/\/ge-fa.com\/en\/wp-json\/wp\/v2\/product_tag?post=2218"}],"curies":[{"name":"wp","href":"https:\/\/api.w.org\/{rel}","templated":true}]}}