{"id":1995,"date":"2023-10-02T08:52:24","date_gmt":"2023-10-02T08:52:24","guid":{"rendered":"https:\/\/ge-fa.com.tr\/?post_type=product&#038;p=1995"},"modified":"2023-10-10T09:00:54","modified_gmt":"2023-10-10T09:00:54","slug":"gemi-saft-keceleri","status":"publish","type":"product","link":"https:\/\/ge-fa.com\/en\/product\/gemi-saft-keceleri\/","title":{"rendered":"GEM\u0130 \u015eAFT KE\u00c7ELER\u0130"},"content":{"rendered":"<p><span style=\"color: #ffffff;\">a<\/span><\/p>","protected":false},"excerpt":{"rendered":"<p>GEM\u0130 \u015eAFT KE\u00c7ELER\u0130<\/p>\n<p>\u015eaft Ke\u00e7esi; geminin makineden gelen \u00e7evirme kuvetini pervaneye iletten \u015faft\u0131n \u00fczerinde bulunan, d\u0131\u015fardaki su ile i\u00e7erideki ya\u011f aras\u0131nda s\u0131zd\u0131rmazl\u0131k g\u00f6revi yapan bir d\u00f6ner mil ke\u00e7esidir.<\/p>\n<p>Sal\u0131n\u0131ml\u0131 ve d\u00f6nme hareketi yapan \u015faftta, \u015faft kovan\u0131nda ki ya\u011f\u0131 sistem i\u00e7inde tutmak ve d\u0131\u015far\u0131dan \u00e7amur ve su giri\u015fini engellemek i\u00e7in kullan\u0131l\u0131r. \u015eaft ke\u00e7esi d\u00f6n\u00fc\u015f kuvvetini ileten \u015faft \u00fczerinde kullan\u0131lmaktad\u0131r; ani d\u00f6n\u00fc\u015f h\u0131z\u0131 de\u011fi\u015fikliklerine ve\u00a0 d\u00f6n\u00fc\u015f y\u00f6n\u00fcn\u00fcn de\u011fi\u015fikliklerine dayan\u0131kl\u0131 olmal\u0131 ve bu \u015fartlar alt\u0131nda s\u0131zd\u0131rmazl\u0131k g\u00f6revini tam yerine getirmelidir.<\/p>\n<p>\u015eaft ke\u00e7eleri, i\u00e7erisinde \u00e7al\u0131\u015ft\u0131\u011f\u0131 ya\u011fa ve deniz suyuna dayan\u0131kl\u0131 imal edilir. Sistem i\u00e7erisinde ki ya\u011f\u0131n d\u0131\u015far\u0131ya, deniz suyunun da makine ve \u015faft sistemine kar\u0131\u015fmas\u0131 \u00f6nlemesi son derece \u00f6nemlidir. \u015eaft ke\u00e7esi gemilerde ki uluslararas\u0131 sertifikasyon kurallar\u0131na uygun olmal\u0131d\u0131r. Gemilerde \u015faft ke\u00e7esi; standart d\u0131\u015f\u0131 bir s\u0131k\u0131nt\u0131 olmad\u0131\u011f\u0131 s\u00fcrece 5 y\u0131l boyunca dayanmas\u0131 gereklidir.\u00a0 \u015eaft Ke\u00e7eleri gemilerde s\u0131z\u0131nt\u0131lara kar\u015f\u0131 kontrol edilmelidir, gerekiyorsa de\u011fi\u015ftirilmelidir. Gemilerde kullan\u0131lan gemi \u015faft ke\u00e7esi -45 derece ile +120 derece s\u0131cakl\u0131k aras\u0131nda g\u00f6revini yerine getirelebilir olmal\u0131d\u0131r. Y\u00fcksek dairesel h\u0131za, y\u00fcksek su bas\u0131n\u00e7\u0131na, ya\u011flara ve deniz suyuna dayan\u0131kl\u0131 imal edilmesi gereken \u015faft ke\u00e7esi son derece \u00f6nemli olan bir par\u00e7ad\u0131r. S\u0131zd\u0131rmazl\u0131k gemilerde Uluslararas\u0131 deniz kanunlar\u0131nda son derece \u00f6nemli bir kurald\u0131r. Gemi \u015faft ke\u00e7esi g\u00f6r\u00fcn\u00fc\u015fte son derece basit ama i\u00e7erisindeki \u00f6zellikler ve yerine getirmesi beklenen \u015fartlar son derece zor \u015faft ke\u00e7e t\u00fcr\u00fcd\u00fcr.<\/p>\n<p>\u00dcretildi\u011fi materyeller; NBR, Viton, ACM, AEM, Hypolon, Hnbr<\/p>","protected":false},"featured_media":1866,"template":"","meta":[],"product_brand":[],"product_cat":[22],"product_tag":[72,71],"class_list":{"0":"post-1995","1":"product","2":"type-product","3":"status-publish","4":"has-post-thumbnail","6":"product_cat-gemi-sektoru","7":"product_tag-gemisaftkecesi","8":"product_tag-gemisektoru","10":"first","11":"instock","12":"shipping-taxable","13":"product-type-simple"},"_links":{"self":[{"href":"https:\/\/ge-fa.com\/en\/wp-json\/wp\/v2\/product\/1995","targetHints":{"allow":["GET"]}}],"collection":[{"href":"https:\/\/ge-fa.com\/en\/wp-json\/wp\/v2\/product"}],"about":[{"href":"https:\/\/ge-fa.com\/en\/wp-json\/wp\/v2\/types\/product"}],"wp:featuredmedia":[{"embeddable":true,"href":"https:\/\/ge-fa.com\/en\/wp-json\/wp\/v2\/media\/1866"}],"wp:attachment":[{"href":"https:\/\/ge-fa.com\/en\/wp-json\/wp\/v2\/media?parent=1995"}],"wp:term":[{"taxonomy":"product_brand","embeddable":true,"href":"https:\/\/ge-fa.com\/en\/wp-json\/wp\/v2\/product_brand?post=1995"},{"taxonomy":"product_cat","embeddable":true,"href":"https:\/\/ge-fa.com\/en\/wp-json\/wp\/v2\/product_cat?post=1995"},{"taxonomy":"product_tag","embeddable":true,"href":"https:\/\/ge-fa.com\/en\/wp-json\/wp\/v2\/product_tag?post=1995"}],"curies":[{"name":"wp","href":"https:\/\/api.w.org\/{rel}","templated":true}]}}