{"id":3513,"date":"2023-11-06T09:35:16","date_gmt":"2023-11-06T09:35:16","guid":{"rendered":"https:\/\/ge-fa.com.tr\/?page_id=3513"},"modified":"2024-10-03T12:46:36","modified_gmt":"2024-10-03T12:46:36","slug":"gemi-ambar-kapak-lastikleri","status":"publish","type":"page","link":"https:\/\/ge-fa.com\/en\/gemi-ambar-kapak-lastikleri\/","title":{"rendered":"Ship Hatch Cover Tires"},"content":{"rendered":"<div data-colibri-id=\"3513-c1\" class=\"style-1867 style-local-3513-c1 position-relative\">\n  <!---->\n  <div data-colibri-component=\"section\" data-colibri-id=\"3513-c2\" id=\"portfolio-2\" class=\"h-section h-section-global-spacing d-flex align-items-lg-center align-items-md-center align-items-center style-1868 style-local-3513-c2 position-relative\">\n    <!---->\n    <!---->\n    <div class=\"h-section-grid-container h-section-boxed-container\">\n      <div data-colibri-id=\"3513-c24\" class=\"h-row-container gutters-row-lg-2 gutters-row-md-2 gutters-row-0 gutters-row-v-lg-2 gutters-row-v-md-2 gutters-row-v-2 style-1875 style-local-3513-c24 position-relative\">\n        <!---->\n        <div class=\"h-row justify-content-lg-center justify-content-md-center justify-content-center align-items-lg-stretch align-items-md-stretch align-items-stretch gutters-col-lg-2 gutters-col-md-2 gutters-col-0 gutters-col-v-lg-2 gutters-col-v-md-2 gutters-col-v-2\">\n          <!---->\n          <div class=\"h-column h-column-container d-flex h-col-lg-auto h-col-md-auto h-col-auto style-1876-outer style-local-3513-c25-outer\">\n            <div data-colibri-id=\"3513-c25\" class=\"d-flex h-flex-basis h-column__inner h-px-lg-2 h-px-md-2 h-px-2 v-inner-lg-2 v-inner-md-2 v-inner-2 style-1876 style-local-3513-c25 position-relative\">\n              <!---->\n              <!---->\n              <div class=\"w-100 h-y-container h-column__content h-column__v-align flex-basis-100 align-self-lg-start align-self-md-start align-self-start\">\n                <!---->\n                <div data-colibri-id=\"3513-c26\" class=\"h-global-transition-all h-heading style-1877 style-local-3513-c26 position-relative h-element\">\n                  <!---->\n                  <div class=\"h-heading__outer style-1877 style-local-3513-c26\">\n                    <!---->\n                    <!---->\n                    <h3 class=\"\">Gemi Ambar Kapak Lastikleri Kategorisi<\/h3>\n                  <\/div>\n                <\/div>\n                <div data-colibri-id=\"3513-c27\" class=\"h-lead h-text h-text-component style-1878 style-local-3513-c27 position-relative h-element\">\n                  <!---->\n                  <!---->\n                  <div class=\"\">\n                    <p><span style=\"font-weight: 400; font-size: 14px; font-family: &quot;Open Sans&quot;, Arial, sans-serif; color: rgb(119, 119, 119);\">All production activities related to Rubber-Based Products &amp; Sealing Elements are carried out in our factory building.&nbsp;<\/span><\/p>\n                  <\/div>\n                <\/div>\n              <\/div>\n            <\/div>\n          <\/div>\n        <\/div>\n      <\/div>\n      <div data-colibri-id=\"3513-c3\" class=\"h-row-container gutters-row-lg-2 gutters-row-md-2 gutters-row-0 gutters-row-v-lg-2 gutters-row-v-md-2 gutters-row-v-2 style-1869 style-local-3513-c3 position-relative\">\n        <!---->\n        <div class=\"h-row justify-content-lg-center justify-content-md-center justify-content-center align-items-lg-stretch align-items-md-stretch align-items-stretch gutters-col-lg-2 gutters-col-md-2 gutters-col-0 gutters-col-v-lg-2 gutters-col-v-md-2 gutters-col-v-2\">\n          <!---->\n          <div class=\"h-column h-column-container d-flex h-col-lg-3 h-col-md-6 h-col-12 style-1870-outer style-local-3513-c4-outer\">\n            <div data-colibri-id=\"3513-c4\" class=\"d-flex h-flex-basis h-column__inner h-px-lg-1 h-px-md-1 h-px-1 v-inner-lg-1 v-inner-md-1 v-inner-1 style-1870 style-local-3513-c4 position-relative\">\n              <!---->\n              <!---->\n              <div class=\"w-100 h-y-container h-column__content h-column__v-align flex-basis-100 align-self-lg-start align-self-md-start align-self-start\">\n                <!---->\n                <div data-colibri-id=\"3513-c5\" class=\"d-block style-1871 style-local-3513-c5 position-relative h-element\">\n                  <!---->\n                  <div class=\"h-image__frame-container-outer\">\n                    <div class=\"h-image__frame-container\">\n                      <!---->\n                      <!---->\n                      <img decoding=\"async\" width=\"335\" height=\"335\" data-src=\"https:\/\/ge-fa.com\/wp-content\/uploads\/2023\/09\/epdmsungerler-e1727953413818.jpg\" class=\"wp-image-1370 style-1871-image style-local-3513-c5-image lazyload\" alt=\"\" src=\"data:image\/gif;base64,R0lGODlhAQABAAAAACH5BAEKAAEALAAAAAABAAEAAAICTAEAOw==\" style=\"--smush-placeholder-width: 335px; --smush-placeholder-aspect-ratio: 335\/335;\" \/>\n                      <div class=\"h-image__frame h-hide-lg h-hide-md h-hide-sm style-1871-frameImage style-local-3513-c5-frameImage\"><\/div>\n                    <\/div>\n                  <\/div>\n                <\/div>\n                <div data-colibri-id=\"3513-c6\" class=\"h-global-transition-all h-heading style-1872 style-local-3513-c6 position-relative h-element\">\n                  <!---->\n                  <div class=\"h-heading__outer style-1872 style-local-3513-c6\">\n                    <!---->\n                    <!---->\n                    <h5 class=\"\">Bodywork and Door Tires<\/h5>\n                  <\/div>\n                <\/div>\n                <div data-colibri-id=\"3513-c7\" class=\"h-x-container style-1873 style-local-3513-c7 position-relative h-element\">\n                  <!---->\n                  <div class=\"h-x-container-inner style-dynamic-3513-c7-group style-1873-spacing style-local-3513-c7-spacing\"><span class=\"h-button__outer style-1874-outer style-local-3513-c8-outer d-inline-flex h-element\"><a h-use-smooth-scroll=\"true\" href=\"https:\/\/ge-fa.com\/en\/product-category\/gemi-ambar-kapak-lastikleri\/kaporta-kapi-lastikleri\/\"  data-colibri-id=\"3513-c8\" class=\"d-flex w-100 align-items-center h-button justify-content-lg-center justify-content-md-center justify-content-center style-1874 style-local-3513-c8 position-relative\"><!----><!----> <span>details<\/span><\/a>\n                    <\/span>\n                  <\/div>\n                <\/div>\n              <\/div>\n            <\/div>\n          <\/div>\n          <div class=\"h-column h-column-container d-flex h-col-lg-3 h-col-md-6 h-col-12 style-1870-outer style-local-3513-c9-outer\">\n            <div data-colibri-id=\"3513-c9\" class=\"d-flex h-flex-basis h-column__inner h-px-lg-1 h-px-md-1 h-px-1 v-inner-lg-1 v-inner-md-1 v-inner-1 style-1870 style-local-3513-c9 position-relative\">\n              <!---->\n              <!---->\n              <div class=\"w-100 h-y-container h-column__content h-column__v-align flex-basis-100 align-self-lg-start align-self-md-start align-self-start\">\n                <!---->\n                <div data-colibri-id=\"3513-c10\" class=\"d-block style-1871 style-local-3513-c10 position-relative h-element\">\n                  <!---->\n                  <div class=\"h-image__frame-container-outer\">\n                    <div class=\"h-image__frame-container\">\n                      <!---->\n                      <!---->\n                      <img decoding=\"async\" data-src=\"https:\/\/ge-fa.com\/wp-content\/uploads\/2023\/09\/2f60bgefa_ambar_kapak_lastikleri.jpg\" class=\"wp-image-1602 style-1871-image style-local-3513-c10-image lazyload\" alt=\"\" src=\"data:image\/gif;base64,R0lGODlhAQABAAAAACH5BAEKAAEALAAAAAABAAEAAAICTAEAOw==\" style=\"--smush-placeholder-width: 700px; --smush-placeholder-aspect-ratio: 700\/700;\" \/>\n                      <div class=\"h-image__frame h-hide-lg h-hide-md h-hide-sm style-1871-frameImage style-local-3513-c10-frameImage\"><\/div>\n                    <\/div>\n                  <\/div>\n                <\/div>\n                <div data-colibri-id=\"3513-c11\" class=\"h-global-transition-all h-heading style-1872 style-local-3513-c11 position-relative h-element\">\n                  <!---->\n                  <div class=\"h-heading__outer style-1872 style-local-3513-c11\">\n                    <!---->\n                    <!---->\n                    <h5 class=\"\"><span style=\"font-size: 110%;\">HATCH COVER TIRES<\/span><\/h5>\n                  <\/div>\n                <\/div>\n                <div data-colibri-id=\"3513-c12\" class=\"h-x-container style-1873 style-local-3513-c12 position-relative h-element\">\n                  <!---->\n                  <div class=\"h-x-container-inner style-dynamic-3513-c12-group style-1873-spacing style-local-3513-c12-spacing\"><span class=\"h-button__outer style-1874-outer style-local-3513-c13-outer d-inline-flex h-element\"><a h-use-smooth-scroll=\"true\" href=\"https:\/\/ge-fa.com\/en\/product-category\/gemi-ambar-kapak-lastikleri\/ambar-kapak-lastikleri\/\"  data-colibri-id=\"3513-c13\" class=\"d-flex w-100 align-items-center h-button justify-content-lg-center justify-content-md-center justify-content-center style-1874 style-local-3513-c13 position-relative\"><!----><!----> <span>details<\/span><\/a>\n                    <\/span>\n                  <\/div>\n                <\/div>\n              <\/div>\n            <\/div>\n          <\/div>\n          <div class=\"h-column h-column-container d-flex h-col-lg-3 h-col-md-6 h-col-12 style-1870-outer style-local-3513-c14-outer\">\n            <div data-colibri-id=\"3513-c14\" class=\"d-flex h-flex-basis h-column__inner h-px-lg-1 h-px-md-1 h-px-1 v-inner-lg-1 v-inner-md-1 v-inner-1 style-1870 style-local-3513-c14 position-relative\">\n              <!---->\n              <!---->\n              <div class=\"w-100 h-y-container h-column__content h-column__v-align flex-basis-100 align-self-lg-start align-self-md-start align-self-start\">\n                <!---->\n                <div data-colibri-id=\"3513-c15\" class=\"d-block style-1871 style-local-3513-c15 position-relative h-element\">\n                  <!---->\n                  <div class=\"h-image__frame-container-outer\">\n                    <div class=\"h-image__frame-container\">\n                      <!---->\n                      <!---->\n                      <img decoding=\"async\" data-src=\"https:\/\/ge-fa.com\/wp-content\/uploads\/2023\/09\/4d700gefa_ambar_kapak_kose_lastikleri.jpg\" class=\"wp-image-1604 style-1871-image style-local-3513-c15-image lazyload\" alt=\"\" src=\"data:image\/gif;base64,R0lGODlhAQABAAAAACH5BAEKAAEALAAAAAABAAEAAAICTAEAOw==\" style=\"--smush-placeholder-width: 700px; --smush-placeholder-aspect-ratio: 700\/700;\" \/>\n                      <div class=\"h-image__frame h-hide-lg h-hide-md h-hide-sm style-1871-frameImage style-local-3513-c15-frameImage\"><\/div>\n                    <\/div>\n                  <\/div>\n                <\/div>\n                <div data-colibri-id=\"3513-c16\" class=\"h-global-transition-all h-heading style-1872 style-local-3513-c16 position-relative h-element\">\n                  <!---->\n                  <div class=\"h-heading__outer style-1872 style-local-3513-c16\">\n                    <!---->\n                    <!---->\n                    <h5 class=\"\"><span style=\"font-size: 110%;\">hatch cover corner tires<\/span><\/h5>\n                  <\/div>\n                <\/div>\n                <div data-colibri-id=\"3513-c17\" class=\"h-x-container style-1873 style-local-3513-c17 position-relative h-element\">\n                  <!---->\n                  <div class=\"h-x-container-inner style-dynamic-3513-c17-group style-1873-spacing style-local-3513-c17-spacing\"><span class=\"h-button__outer style-1874-outer style-local-3513-c18-outer d-inline-flex h-element\"><a h-use-smooth-scroll=\"true\" href=\"https:\/\/ge-fa.com\/en\/product-category\/gemi-ambar-kapak-lastikleri\/ambar-kapak-kose-lastikleri\/\"  data-colibri-id=\"3513-c18\" class=\"d-flex w-100 align-items-center h-button justify-content-lg-center justify-content-md-center justify-content-center style-1874 style-local-3513-c18 position-relative\"><!----><!----> <span>details<\/span><\/a>\n                    <\/span>\n                  <\/div>\n                <\/div>\n              <\/div>\n            <\/div>\n          <\/div>\n          <div class=\"h-column h-column-container d-flex h-col-lg-3 h-col-md-6 h-col-12 style-1870-outer style-local-3513-c19-outer\">\n            <div data-colibri-id=\"3513-c19\" class=\"d-flex h-flex-basis h-column__inner h-px-lg-1 h-px-md-1 h-px-1 v-inner-lg-1 v-inner-md-1 v-inner-1 style-1870 style-local-3513-c19 position-relative\">\n              <!---->\n              <!---->\n              <div class=\"w-100 h-y-container h-column__content h-column__v-align flex-basis-100 align-self-lg-start align-self-md-start align-self-start\">\n                <!---->\n                <div data-colibri-id=\"3513-c20\" class=\"d-block style-1871 style-local-3513-c20 position-relative h-element\">\n                  <!---->\n                  <div class=\"h-image__frame-container-outer\">\n                    <div class=\"h-image__frame-container\">\n                      <!---->\n                      <!---->\n                      <img decoding=\"async\" data-src=\"https:\/\/ge-fa.com\/wp-content\/uploads\/2023\/09\/2fbdcgefa-lastik-profiller-fitiller.jpg\" class=\"wp-image-1576 style-1871-image style-local-3513-c20-image lazyload\" alt=\"\" src=\"data:image\/gif;base64,R0lGODlhAQABAAAAACH5BAEKAAEALAAAAAABAAEAAAICTAEAOw==\" style=\"--smush-placeholder-width: 700px; --smush-placeholder-aspect-ratio: 700\/700;\" \/>\n                      <div class=\"h-image__frame h-hide-lg h-hide-md h-hide-sm style-1871-frameImage style-local-3513-c20-frameImage\"><\/div>\n                    <\/div>\n                  <\/div>\n                <\/div>\n                <div data-colibri-id=\"3513-c21\" class=\"h-global-transition-all h-heading style-1872 style-local-3513-c21 position-relative h-element\">\n                  <!---->\n                  <div class=\"h-heading__outer style-1872 style-local-3513-c21\">\n                    <!---->\n                    <!---->\n                    <h5 class=\"\">hatch cover   end\n tires<\/h5>\n                  <\/div>\n                <\/div>\n                <div data-colibri-id=\"3513-c22\" class=\"h-x-container style-1873 style-local-3513-c22 position-relative h-element\">\n                  <!---->\n                  <div class=\"h-x-container-inner style-dynamic-3513-c22-group style-1873-spacing style-local-3513-c22-spacing\"><span class=\"h-button__outer style-1874-outer style-local-3513-c23-outer d-inline-flex h-element\"><a h-use-smooth-scroll=\"true\" href=\"https:\/\/ge-fa.com\/en\/product-category\/gemi-ambar-kapak-lastikleri\/ambar-kapak-uc-lastikleri\/\"  data-colibri-id=\"3513-c23\" class=\"d-flex w-100 align-items-center h-button justify-content-lg-center justify-content-md-center justify-content-center style-1874 style-local-3513-c23 position-relative\"><!----><!----> <span>details<\/span><\/a>\n                    <\/span>\n                  <\/div>\n                <\/div>\n              <\/div>\n            <\/div>\n          <\/div>\n        <\/div>\n      <\/div>\n    <\/div>\n  <\/div>\n<\/div>","protected":false},"excerpt":{"rendered":"<p>Gemi Ambar Kapak Lastikleri Kategorisi Kau\u00e7uk Bazl\u0131 \u00dcr\u00fcnler &amp; S\u0131zd\u0131rmazl\u0131k Elemanlar\u0131 konular\u0131ndaki t\u00fcm \u00fcretim faaliyetleri fabrika binam\u0131zda yap\u0131lmaktad\u0131r.&nbsp; Kaporta ve Kap\u0131 Lastikleri detaylar AMBAR KAPAK LAST\u0130KLER\u0130 detaylar ambar kapak k\u00f6\u015fe lastikleri detaylar ambar kapak u\u00e7 lastikleri detaylar<\/p>","protected":false},"author":1,"featured_media":0,"parent":0,"menu_order":0,"comment_status":"closed","ping_status":"closed","template":"page-templates\/full-width-page.php","meta":{"footnotes":""},"class_list":["post-3513","page","type-page","status-publish","hentry"],"_links":{"self":[{"href":"https:\/\/ge-fa.com\/en\/wp-json\/wp\/v2\/pages\/3513","targetHints":{"allow":["GET"]}}],"collection":[{"href":"https:\/\/ge-fa.com\/en\/wp-json\/wp\/v2\/pages"}],"about":[{"href":"https:\/\/ge-fa.com\/en\/wp-json\/wp\/v2\/types\/page"}],"author":[{"embeddable":true,"href":"https:\/\/ge-fa.com\/en\/wp-json\/wp\/v2\/users\/1"}],"replies":[{"embeddable":true,"href":"https:\/\/ge-fa.com\/en\/wp-json\/wp\/v2\/comments?post=3513"}],"version-history":[{"count":3,"href":"https:\/\/ge-fa.com\/en\/wp-json\/wp\/v2\/pages\/3513\/revisions"}],"predecessor-version":[{"id":8090,"href":"https:\/\/ge-fa.com\/en\/wp-json\/wp\/v2\/pages\/3513\/revisions\/8090"}],"wp:attachment":[{"href":"https:\/\/ge-fa.com\/en\/wp-json\/wp\/v2\/media?parent=3513"}],"curies":[{"name":"wp","href":"https:\/\/api.w.org\/{rel}","templated":true}]}}